
{"id":86,"date":"2021-08-11T08:33:55","date_gmt":"2021-08-11T06:33:55","guid":{"rendered":"http:\/\/www.pilotumokykla.lt\/?page_id=86"},"modified":"2021-10-20T09:57:45","modified_gmt":"2021-10-20T07:57:45","slug":"icao-lygis","status":"publish","type":"page","link":"https:\/\/www.pilotumokykla.lt\/?page_id=86","title":{"rendered":"ICAO Lygis"},"content":{"rendered":"\t\t<div data-elementor-type=\"wp-page\" data-elementor-id=\"86\" class=\"elementor elementor-86\" data-elementor-settings=\"[]\">\n\t\t\t\t\t\t<div class=\"elementor-inner\">\n\t\t\t\t\t\t\t<div class=\"elementor-section-wrap\">\n\t\t\t\t\t\t\t<section data-particle_enable=\"false\" data-particle-mobile-disabled=\"false\" class=\"elementor-section elementor-top-section elementor-element elementor-element-56ab987 elementor-section-height-min-height elementor-section-items-bottom elementor-section-boxed elementor-section-height-default\" data-id=\"56ab987\" data-element_type=\"section\" data-settings=\"{&quot;background_background&quot;:&quot;classic&quot;}\">\n\t\t\t\t\t\t<div class=\"elementor-container elementor-column-gap-default\">\n\t\t\t\t\t\t\t<div class=\"elementor-row\">\n\t\t\t\t\t<div class=\"elementor-column elementor-col-100 elementor-top-column elementor-element elementor-element-db3fdc9\" data-id=\"db3fdc9\" data-element_type=\"column\">\n\t\t\t<div class=\"elementor-column-wrap elementor-element-populated\">\n\t\t\t\t\t\t\t<div class=\"elementor-widget-wrap\">\n\t\t\t\t\t\t<div class=\"elementor-element elementor-element-a648265 elementor-widget__width-auto elementor-widget elementor-widget-heading\" data-id=\"a648265\" data-element_type=\"widget\" data-widget_type=\"heading.default\">\n\t\t\t\t<div class=\"elementor-widget-container\">\n\t\t\t<h1 class=\"elementor-heading-title elementor-size-default\">ICAO Angl\u0173 Lygis\n<\/h1>\t\t<\/div>\n\t\t\t\t<\/div>\n\t\t\t\t\t\t<\/div>\n\t\t\t\t\t<\/div>\n\t\t<\/div>\n\t\t\t\t\t\t\t\t<\/div>\n\t\t\t\t\t<\/div>\n\t\t<\/section>\n\t\t\t\t<section data-particle_enable=\"false\" data-particle-mobile-disabled=\"false\" class=\"elementor-section elementor-top-section elementor-element elementor-element-4124fec elementor-section-boxed elementor-section-height-default elementor-section-height-default\" data-id=\"4124fec\" data-element_type=\"section\">\n\t\t\t\t\t\t<div class=\"elementor-container elementor-column-gap-default\">\n\t\t\t\t\t\t\t<div class=\"elementor-row\">\n\t\t\t\t\t<div class=\"elementor-column elementor-col-100 elementor-top-column elementor-element elementor-element-21d832c\" data-id=\"21d832c\" data-element_type=\"column\">\n\t\t\t<div class=\"elementor-column-wrap elementor-element-populated\">\n\t\t\t\t\t\t\t<div class=\"elementor-widget-wrap\">\n\t\t\t\t\t\t<div class=\"elementor-element elementor-element-1f73687 elementor-widget elementor-widget-heading\" data-id=\"1f73687\" data-element_type=\"widget\" data-widget_type=\"heading.default\">\n\t\t\t\t<div class=\"elementor-widget-container\">\n\t\t\t<h3 class=\"elementor-heading-title elementor-size-default\">KOD\u0116L REIKIA LAIKYTI ICAO ANGL\u0172 KALBOS TEST\u0104?\n<\/h3>\t\t<\/div>\n\t\t\t\t<\/div>\n\t\t\t\t<div class=\"elementor-element elementor-element-ef0b6c0 elementor-widget elementor-widget-text-editor\" data-id=\"ef0b6c0\" data-element_type=\"widget\" data-widget_type=\"text-editor.default\">\n\t\t\t\t<div class=\"elementor-widget-container\">\n\t\t\t\t\t\t\t\t<div class=\"elementor-text-editor elementor-clearfix\">\n\t\t\t\t<p>Tarptautin\u0117 Civilin\u0117s aviacijos organizacija (toliau \u2013 ICAO) pripa\u017eino, kad kalbos mok\u0117jimas yra labai svarbus faktorius, u\u017etikrinant skryd\u017ei\u0173 saug\u0105. D\u0117l \u0161ios prie\u017easties ICAO pareng\u0117 kalbos mok\u0117jimo reikalavimus, kurie i\u0161d\u0117styti Tarptautin\u0117s Civilin\u0117s Aviacijos Konvencijos (\u010cikagos konvencija) 1 priede bei ICAO Kalbos \u012fg\u016bd\u017ei\u0173 reikalavim\u0173 \u012fgyvendinimo vadove ir jo prieduose (Doc 9835-AN\/453). Atsi\u017evelgdama \u012f tai, kad Lietuvos Respublika yra ICAO nar\u0117, Civilin\u0117s aviacijos administracija (toliau \u2013 CAA) savo veikloje vadovaujasi ICAO standartais ir rekomendacijomis. Siekdama \u012fgyvendinti ICAO reikalavimus d\u0117l kalbos mok\u0117jimo, CAA patvirtino kalb\u0173 mokyklos ,,Lingua perfecta\u201c parengt\u0105 test\u0105 pilotams Angl\u0173 kalbos mok\u0117jimo lygiui nustatyti \u2013 TAEP \u2013 Test of Aviation English for Pilots.<\/p>\t\t\t\t\t<\/div>\n\t\t\t\t\t\t<\/div>\n\t\t\t\t<\/div>\n\t\t\t\t\t\t<\/div>\n\t\t\t\t\t<\/div>\n\t\t<\/div>\n\t\t\t\t\t\t\t\t<\/div>\n\t\t\t\t\t<\/div>\n\t\t<\/section>\n\t\t\t\t<section data-particle_enable=\"false\" data-particle-mobile-disabled=\"false\" class=\"elementor-section elementor-top-section elementor-element elementor-element-3638ebf elementor-section-boxed elementor-section-height-default elementor-section-height-default\" data-id=\"3638ebf\" data-element_type=\"section\">\n\t\t\t\t\t\t<div class=\"elementor-container elementor-column-gap-default\">\n\t\t\t\t\t\t\t<div class=\"elementor-row\">\n\t\t\t\t\t<div class=\"elementor-column elementor-col-100 elementor-top-column elementor-element elementor-element-8e64df7\" data-id=\"8e64df7\" data-element_type=\"column\" data-settings=\"{&quot;background_background&quot;:&quot;classic&quot;}\">\n\t\t\t<div class=\"elementor-column-wrap elementor-element-populated\">\n\t\t\t\t\t\t\t<div class=\"elementor-widget-wrap\">\n\t\t\t\t\t\t<section data-particle_enable=\"false\" data-particle-mobile-disabled=\"false\" class=\"elementor-section elementor-inner-section elementor-element elementor-element-517b9da elementor-section-boxed elementor-section-height-default elementor-section-height-default\" data-id=\"517b9da\" data-element_type=\"section\">\n\t\t\t\t\t\t<div class=\"elementor-container elementor-column-gap-wide\">\n\t\t\t\t\t\t\t<div class=\"elementor-row\">\n\t\t\t\t\t<div class=\"elementor-column elementor-col-50 elementor-inner-column elementor-element elementor-element-e913d97\" data-id=\"e913d97\" data-element_type=\"column\" data-settings=\"{&quot;background_background&quot;:&quot;classic&quot;}\">\n\t\t\t<div class=\"elementor-column-wrap elementor-element-populated\">\n\t\t\t\t\t\t\t<div class=\"elementor-widget-wrap\">\n\t\t\t\t\t\t<div class=\"elementor-element elementor-element-57d9811 elementor-widget elementor-widget-spacer\" data-id=\"57d9811\" data-element_type=\"widget\" data-widget_type=\"spacer.default\">\n\t\t\t\t<div class=\"elementor-widget-container\">\n\t\t\t\t\t<div class=\"elementor-spacer\">\n\t\t\t<div class=\"elementor-spacer-inner\"><\/div>\n\t\t<\/div>\n\t\t\t\t<\/div>\n\t\t\t\t<\/div>\n\t\t\t\t\t\t<\/div>\n\t\t\t\t\t<\/div>\n\t\t<\/div>\n\t\t\t\t<div class=\"elementor-column elementor-col-50 elementor-inner-column elementor-element elementor-element-928558f\" data-id=\"928558f\" data-element_type=\"column\">\n\t\t\t<div class=\"elementor-column-wrap elementor-element-populated\">\n\t\t\t\t\t\t\t<div class=\"elementor-widget-wrap\">\n\t\t\t\t\t\t<div class=\"elementor-element elementor-element-20bfc0e elementor-widget elementor-widget-heading\" data-id=\"20bfc0e\" data-element_type=\"widget\" data-widget_type=\"heading.default\">\n\t\t\t\t<div class=\"elementor-widget-container\">\n\t\t\t<h3 class=\"elementor-heading-title elementor-size-default\">KOK\u012e \u012eVERTINIM\u0104 REIK\u0116S GAUTI, KAD TESTAS B\u016aT\u0172 I\u0160LAIKYTAS?<\/h3>\t\t<\/div>\n\t\t\t\t<\/div>\n\t\t\t\t<div class=\"elementor-element elementor-element-1f72fce elementor-widget elementor-widget-text-editor\" data-id=\"1f72fce\" data-element_type=\"widget\" data-widget_type=\"text-editor.default\">\n\t\t\t\t<div class=\"elementor-widget-container\">\n\t\t\t\t\t\t\t\t<div class=\"elementor-text-editor elementor-clearfix\">\n\t\t\t\t<p>Kiekvienas geb\u0117jimas bus vertinamas atskirai balais nuo 1 iki 6. Bendras testo \u012fvertinimo balas, kad testas b\u016bt\u0173 i\u0161laikytas, turi b\u016bti ne \u017eemesnis kaip 4. Bendras testo \u012fvertinimo balas apskai\u010diuojamas, pagal \u017eemiausi\u0105 bal\u0105, gaut\u0105 u\u017e atskirus geb\u0117jimus. Pavyzd\u017eiui, jeigu tartis, konstrukcijos, \u017eodynas, kalbos ri\u0161lumas bus \u012fvertinti 6, o bendravimas ir suvokimas \u2013 3, tai bendras testo \u012fvertinimo balas bus 3.<\/p>\t\t\t\t\t<\/div>\n\t\t\t\t\t\t<\/div>\n\t\t\t\t<\/div>\n\t\t\t\t\t\t<\/div>\n\t\t\t\t\t<\/div>\n\t\t<\/div>\n\t\t\t\t\t\t\t\t<\/div>\n\t\t\t\t\t<\/div>\n\t\t<\/section>\n\t\t\t\t\t\t<\/div>\n\t\t\t\t\t<\/div>\n\t\t<\/div>\n\t\t\t\t\t\t\t\t<\/div>\n\t\t\t\t\t<\/div>\n\t\t<\/section>\n\t\t\t\t<section data-particle_enable=\"false\" data-particle-mobile-disabled=\"false\" class=\"elementor-section elementor-top-section elementor-element elementor-element-d9319d6 elementor-section-boxed elementor-section-height-default elementor-section-height-default\" data-id=\"d9319d6\" data-element_type=\"section\">\n\t\t\t\t\t\t<div class=\"elementor-container elementor-column-gap-default\">\n\t\t\t\t\t\t\t<div class=\"elementor-row\">\n\t\t\t\t\t<div class=\"elementor-column elementor-col-100 elementor-top-column elementor-element elementor-element-57cb0de\" data-id=\"57cb0de\" data-element_type=\"column\">\n\t\t\t<div class=\"elementor-column-wrap elementor-element-populated\">\n\t\t\t\t\t\t\t<div class=\"elementor-widget-wrap\">\n\t\t\t\t\t\t<div class=\"elementor-element elementor-element-aa2ba64 elementor-widget elementor-widget-heading\" data-id=\"aa2ba64\" data-element_type=\"widget\" data-widget_type=\"heading.default\">\n\t\t\t\t<div class=\"elementor-widget-container\">\n\t\t\t<h3 class=\"elementor-heading-title elementor-size-default\">AR BUS GALIMA DAR KART\u0104 LAIKYTI TEST\u0104?<\/h3>\t\t<\/div>\n\t\t\t\t<\/div>\n\t\t\t\t<div class=\"elementor-element elementor-element-45c24b7 elementor-widget elementor-widget-text-editor\" data-id=\"45c24b7\" data-element_type=\"widget\" data-widget_type=\"text-editor.default\">\n\t\t\t\t<div class=\"elementor-widget-container\">\n\t\t\t\t\t\t\t\t<div class=\"elementor-text-editor elementor-clearfix\">\n\t\t\t\t<p>Gav\u0119 bendr\u0105 \u012fvertinim\u0105 1, 2 arba 3, tur\u0117site teis\u0119 laikyti test\u0105 dar kart\u0105, bet ne anks\u010diau kaip po vienos savait\u0117s nuo pastarojo testo laikymo. Jeigu gavote bendr\u0105 \u012fvertinim\u0105 2, rekomenduojama laikyti test\u0105 dar kart\u0105, bet ne anks\u010diau kaip po dviej\u0173 m\u0117nesi\u0173 nuo pastarojo testo laikymo, jeigu gavote bendr\u0105 \u012fvertinim\u0105 1 \u2013 po \u0161e\u0161eri\u0173 m\u0117nesi\u0173. Gav\u0119 bendr\u0105 \u012fvertinim\u0105 4, prival\u0117site laikyti test\u0105 po trej\u0173 met\u0173 nuo pastarojo testo laikymo. Gavus bendr\u0105 \u012fvertinim\u0105 5, prival\u0117site laikyti test\u0105 po \u0161e\u0161eri\u0173 met\u0173 nuo pastarojo testo laikymo. Gavus bendr\u0105 \u012fvertinim\u0105 6, testo daugiau laikyti nereik\u0117s.<\/p>\t\t\t\t\t<\/div>\n\t\t\t\t\t\t<\/div>\n\t\t\t\t<\/div>\n\t\t\t\t\t\t<\/div>\n\t\t\t\t\t<\/div>\n\t\t<\/div>\n\t\t\t\t\t\t\t\t<\/div>\n\t\t\t\t\t<\/div>\n\t\t<\/section>\n\t\t\t\t<section data-particle_enable=\"false\" data-particle-mobile-disabled=\"false\" class=\"elementor-section elementor-top-section elementor-element elementor-element-fbf8b15 elementor-section-boxed elementor-section-height-default elementor-section-height-default\" data-id=\"fbf8b15\" data-element_type=\"section\">\n\t\t\t\t\t\t<div class=\"elementor-container elementor-column-gap-default\">\n\t\t\t\t\t\t\t<div class=\"elementor-row\">\n\t\t\t\t\t<div class=\"elementor-column elementor-col-100 elementor-top-column elementor-element elementor-element-3dc88c9\" data-id=\"3dc88c9\" data-element_type=\"column\">\n\t\t\t<div class=\"elementor-column-wrap elementor-element-populated\">\n\t\t\t\t\t\t\t<div class=\"elementor-widget-wrap\">\n\t\t\t\t\t\t<section data-particle_enable=\"false\" data-particle-mobile-disabled=\"false\" class=\"elementor-section elementor-inner-section elementor-element elementor-element-946d1ca elementor-section-boxed elementor-section-height-default elementor-section-height-default\" data-id=\"946d1ca\" data-element_type=\"section\">\n\t\t\t\t\t\t<div class=\"elementor-container elementor-column-gap-wide\">\n\t\t\t\t\t\t\t<div class=\"elementor-row\">\n\t\t\t\t\t<div class=\"elementor-column elementor-col-50 elementor-inner-column elementor-element elementor-element-17b04f7\" data-id=\"17b04f7\" data-element_type=\"column\" data-settings=\"{&quot;background_background&quot;:&quot;classic&quot;}\">\n\t\t\t<div class=\"elementor-column-wrap elementor-element-populated\">\n\t\t\t\t\t\t\t<div class=\"elementor-widget-wrap\">\n\t\t\t\t\t\t<div class=\"elementor-element elementor-element-4312f8b elementor-widget elementor-widget-spacer\" data-id=\"4312f8b\" data-element_type=\"widget\" data-widget_type=\"spacer.default\">\n\t\t\t\t<div class=\"elementor-widget-container\">\n\t\t\t\t\t<div class=\"elementor-spacer\">\n\t\t\t<div class=\"elementor-spacer-inner\"><\/div>\n\t\t<\/div>\n\t\t\t\t<\/div>\n\t\t\t\t<\/div>\n\t\t\t\t\t\t<\/div>\n\t\t\t\t\t<\/div>\n\t\t<\/div>\n\t\t\t\t<div class=\"elementor-column elementor-col-50 elementor-inner-column elementor-element elementor-element-608ea50\" data-id=\"608ea50\" data-element_type=\"column\">\n\t\t\t<div class=\"elementor-column-wrap elementor-element-populated\">\n\t\t\t\t\t\t\t<div class=\"elementor-widget-wrap\">\n\t\t\t\t\t\t<div class=\"elementor-element elementor-element-0259ed2 elementor-widget elementor-widget-heading\" data-id=\"0259ed2\" data-element_type=\"widget\" data-widget_type=\"heading.default\">\n\t\t\t\t<div class=\"elementor-widget-container\">\n\t\t\t<h3 class=\"elementor-heading-title elementor-size-default\">KAIP VYKS TESTAVIMAS?<\/h3>\t\t<\/div>\n\t\t\t\t<\/div>\n\t\t\t\t<div class=\"elementor-element elementor-element-ffcacd3 elementor-widget elementor-widget-text-editor\" data-id=\"ffcacd3\" data-element_type=\"widget\" data-widget_type=\"text-editor.default\">\n\t\t\t\t<div class=\"elementor-widget-container\">\n\t\t\t\t\t\t\t\t<div class=\"elementor-text-editor elementor-clearfix\">\n\t\t\t\t<p>Testas susideda i\u0161 trij\u0173 dali\u0173. Vis\u0173 trij\u0173 testo dali\u0173 metu bus vertinami visi \u0161e\u0161i auk\u0161\u010diau nurodyti geb\u0117jim\u0173 lygiai.Pirmosios dalies \u2013 pokalbio \u2013 metu u\u017eduodami keli bendro pob\u016bd\u017eio klausimai apie Jus, J\u016bs\u0173 darb\u0105, J\u016bs\u0173 \u012fpro\u010dius, pra\u0161oma pateikti savo nuomon\u0119 vienu ar kitu klausimu. \u0160ios dalies trukm\u0117: 4 \u2013 5 minut\u0117s.\u00a0Antrosios dalies \u2013 klausymo \u2013 metu pateikiamos klausymui nestandartin\u0117s radijo ry\u0161io situacijos. Pirmiausia pateikiamos i\u0161klausyti 6 situacijos (kiekviena atskirai) ir pra\u0161oma \u0161ias situacijas pakomentuoti. Po to pateikiamos dar 3 situacijos. I\u0161klausius pastar\u0173j\u0173 trij\u0173 situacij\u0173 (kiekvienos atskirai) pirm\u0105j\u0105 dal\u012f v\u0117l pra\u0161oma pakomentuoti situacij\u0105, u\u017eduoti klausimus. Po to Jums bus pateikiama klausymui antroji situacijos dalis ir Jums reik\u0117s patarti kaip i\u0161spr\u0119sti i\u0161girst\u0105 problem\u0105. \u0160ios dalies trukm\u0117: apie 10 minu\u010di\u0173.\u00a0Tre\u010diosios dalies \u2013 pasakojimo ir diskusijos \u2013 metu vienas po kito pateikiami du su aviacija susij\u0119 paveiksl\u0117liai. \u0160iuos paveiksl\u0117lius reikia apib\u016bdinti, pateikiant kuo daugiau informacijos, bus u\u017eduodami klausimai, pl\u0117tojama diskusija. \u0160ios dalies trukm\u0117: 5 \u2013 7 minut\u0117s.\u00a0Testo metu egzaminuotojas angl\u0173 kalba pristatys visas u\u017eduotis, nurodys kiekvienos testo dalies prad\u017ei\u0105 ir pabaig\u0105. Pageidaujant, prie\u0161 testo laikym\u0105 egzaminuotojas lietuvi\u0161kai perskaitys instrukcij\u0105.\u00a0Visas testas bus \u012fra\u0161omas \u012f garso laikmenas.<\/p>\t\t\t\t\t<\/div>\n\t\t\t\t\t\t<\/div>\n\t\t\t\t<\/div>\n\t\t\t\t\t\t<\/div>\n\t\t\t\t\t<\/div>\n\t\t<\/div>\n\t\t\t\t\t\t\t\t<\/div>\n\t\t\t\t\t<\/div>\n\t\t<\/section>\n\t\t\t\t\t\t<\/div>\n\t\t\t\t\t<\/div>\n\t\t<\/div>\n\t\t\t\t\t\t\t\t<\/div>\n\t\t\t\t\t<\/div>\n\t\t<\/section>\n\t\t\t\t<section data-particle_enable=\"false\" data-particle-mobile-disabled=\"false\" class=\"elementor-section elementor-top-section elementor-element elementor-element-a1d354e elementor-section-boxed elementor-section-height-default elementor-section-height-default\" data-id=\"a1d354e\" data-element_type=\"section\">\n\t\t\t\t\t\t<div class=\"elementor-container elementor-column-gap-default\">\n\t\t\t\t\t\t\t<div class=\"elementor-row\">\n\t\t\t\t\t<div class=\"elementor-column elementor-col-100 elementor-top-column elementor-element elementor-element-52a2e23\" data-id=\"52a2e23\" data-element_type=\"column\">\n\t\t\t<div class=\"elementor-column-wrap elementor-element-populated\">\n\t\t\t\t\t\t\t<div class=\"elementor-widget-wrap\">\n\t\t\t\t\t\t<div class=\"elementor-element elementor-element-9a5e4ad elementor-widget elementor-widget-heading\" data-id=\"9a5e4ad\" data-element_type=\"widget\" data-widget_type=\"heading.default\">\n\t\t\t\t<div class=\"elementor-widget-container\">\n\t\t\t<h3 class=\"elementor-heading-title elementor-size-default\">KITA INFORMACIJA\n<\/h3>\t\t<\/div>\n\t\t\t\t<\/div>\n\t\t\t\t<div class=\"elementor-element elementor-element-4dfd890 elementor-widget elementor-widget-text-editor\" data-id=\"4dfd890\" data-element_type=\"widget\" data-widget_type=\"text-editor.default\">\n\t\t\t\t<div class=\"elementor-widget-container\">\n\t\t\t\t\t\t\t\t<div class=\"elementor-text-editor elementor-clearfix\">\n\t\t\t\t<p>Atliekant test\u0105, dalyvauja egzaminuotojas ir vertintojas. Vertintojas pildo vertinimo lap\u0105, kuriame \u012fra\u0161o savo komentarus d\u0117l kiekvieno geb\u0117jimo. Vertinimo lapas pateikiamas susipa\u017einimui kartu su pa\u017eym\u0117jimu apie nustatyt\u0105 angl\u0173 kalbos lyg\u012f. Pa\u017eym\u0117jimas i\u0161duodamas lietuvi\u0173 \/ angl\u0173 kalbomis ne v\u0117liau kaip per penkias darbo dienas nuo testo laikymo dienos. Pa\u017eym\u0117jime nurodomas nustatytas angl\u0173 kalbos lygis ir kiekvieno geb\u0117jimo \u012fvertinimas atskirai. Atvykstant \u012f\u00a0testo laikym\u0105, b\u016btina atsine\u0161ti asmens tapatyb\u0119 patvirtinant\u012f dokument\u0105 \u2013 pas\u0105 arba asmens tapatyb\u0117s kortel\u0119.<\/p>\t\t\t\t\t<\/div>\n\t\t\t\t\t\t<\/div>\n\t\t\t\t<\/div>\n\t\t\t\t\t\t<\/div>\n\t\t\t\t\t<\/div>\n\t\t<\/div>\n\t\t\t\t\t\t\t\t<\/div>\n\t\t\t\t\t<\/div>\n\t\t<\/section>\n\t\t\t\t<section data-particle_enable=\"false\" data-particle-mobile-disabled=\"false\" class=\"elementor-section elementor-top-section elementor-element elementor-element-712c174 elementor-section-boxed elementor-section-height-default elementor-section-height-default\" data-id=\"712c174\" data-element_type=\"section\">\n\t\t\t\t\t\t<div class=\"elementor-container elementor-column-gap-default\">\n\t\t\t\t\t\t\t<div class=\"elementor-row\">\n\t\t\t\t\t<div class=\"elementor-column elementor-col-100 elementor-top-column elementor-element elementor-element-815dac7\" data-id=\"815dac7\" data-element_type=\"column\">\n\t\t\t<div class=\"elementor-column-wrap elementor-element-populated\">\n\t\t\t\t\t\t\t<div class=\"elementor-widget-wrap\">\n\t\t\t\t\t\t<div class=\"elementor-element elementor-element-4d5f7b7 elementor-align-center elementor-widget elementor-widget-button\" data-id=\"4d5f7b7\" data-element_type=\"widget\" data-widget_type=\"button.default\">\n\t\t\t\t<div class=\"elementor-widget-container\">\n\t\t\t\t\t<div class=\"elementor-button-wrapper\">\n\t\t\t<a href=\"https:\/\/www.pilotumokykla.lt\/?page_id=566\" class=\"elementor-button-link elementor-button elementor-size-sm\" role=\"button\">\n\t\t\t\t\t\t<span class=\"elementor-button-content-wrapper\">\n\t\t\t\t\t\t<span class=\"elementor-button-icon elementor-align-icon-right\">\n\t\t\t\t<i aria-hidden=\"true\" class=\"far fa-arrow-alt-circle-right\"><\/i>\t\t\t<\/span>\n\t\t\t\t\t\t<span class=\"elementor-button-text\">Registracija Testui<\/span>\n\t\t<\/span>\n\t\t\t\t\t<\/a>\n\t\t<\/div>\n\t\t\t\t<\/div>\n\t\t\t\t<\/div>\n\t\t\t\t\t\t<\/div>\n\t\t\t\t\t<\/div>\n\t\t<\/div>\n\t\t\t\t\t\t\t\t<\/div>\n\t\t\t\t\t<\/div>\n\t\t<\/section>\n\t\t\t\t\t\t<\/div>\n\t\t\t\t\t\t<\/div>\n\t\t\t\t\t<\/div>\n\t\t","protected":false},"excerpt":{"rendered":"<p>ICAO Angl\u0173 Lygis KOD\u0116L REIKIA LAIKYTI ICAO ANGL\u0172 KALBOS TEST\u0104? Tarptautin\u0117 Civilin\u0117s aviacijos organizacija (toliau \u2013 ICAO) pripa\u017eino, kad kalbos &hellip;<\/p>\n<p class=\"read-more\"> <a class=\"\" href=\"https:\/\/www.pilotumokykla.lt\/?page_id=86\"> <span class=\"screen-reader-text\">ICAO Lygis<\/span> Read More &raquo;<\/a><\/p>\n","protected":false},"author":1,"featured_media":0,"parent":0,"menu_order":0,"comment_status":"closed","ping_status":"closed","template":"elementor_header_footer","meta":{"site-sidebar-layout":"no-sidebar","site-content-layout":"page-builder","ast-global-header-display":"","ast-main-header-display":"","ast-hfb-above-header-display":"","ast-hfb-below-header-display":"","ast-hfb-mobile-header-display":"","site-post-title":"disabled","ast-breadcrumbs-content":"","ast-featured-img":"disabled","footer-sml-layout":"","theme-transparent-header-meta":"default","adv-header-id-meta":"","stick-header-meta":"","header-above-stick-meta":"","header-main-stick-meta":"","header-below-stick-meta":"","footnotes":""},"class_list":["post-86","page","type-page","status-publish","hentry"],"_links":{"self":[{"href":"https:\/\/www.pilotumokykla.lt\/index.php?rest_route=\/wp\/v2\/pages\/86","targetHints":{"allow":["GET"]}}],"collection":[{"href":"https:\/\/www.pilotumokykla.lt\/index.php?rest_route=\/wp\/v2\/pages"}],"about":[{"href":"https:\/\/www.pilotumokykla.lt\/index.php?rest_route=\/wp\/v2\/types\/page"}],"author":[{"embeddable":true,"href":"https:\/\/www.pilotumokykla.lt\/index.php?rest_route=\/wp\/v2\/users\/1"}],"replies":[{"embeddable":true,"href":"https:\/\/www.pilotumokykla.lt\/index.php?rest_route=%2Fwp%2Fv2%2Fcomments&post=86"}],"version-history":[{"count":112,"href":"https:\/\/www.pilotumokykla.lt\/index.php?rest_route=\/wp\/v2\/pages\/86\/revisions"}],"predecessor-version":[{"id":4357,"href":"https:\/\/www.pilotumokykla.lt\/index.php?rest_route=\/wp\/v2\/pages\/86\/revisions\/4357"}],"wp:attachment":[{"href":"https:\/\/www.pilotumokykla.lt\/index.php?rest_route=%2Fwp%2Fv2%2Fmedia&parent=86"}],"curies":[{"name":"wp","href":"https:\/\/api.w.org\/{rel}","templated":true}]}}