
{"id":6311,"date":"2026-04-21T14:45:17","date_gmt":"2026-04-21T12:45:17","guid":{"rendered":"https:\/\/www.pilotumokykla.lt\/?page_id=6311"},"modified":"2026-04-21T14:57:58","modified_gmt":"2026-04-21T12:57:58","slug":"dto-mokymai","status":"publish","type":"page","link":"https:\/\/www.pilotumokykla.lt\/?page_id=6311","title":{"rendered":"DTO Mokymai"},"content":{"rendered":"\t\t<div data-elementor-type=\"wp-page\" data-elementor-id=\"6311\" class=\"elementor elementor-6311\" data-elementor-settings=\"[]\">\n\t\t\t\t\t\t<div class=\"elementor-inner\">\n\t\t\t\t\t\t\t<div class=\"elementor-section-wrap\">\n\t\t\t\t\t\t\t<section data-particle_enable=\"false\" data-particle-mobile-disabled=\"false\" class=\"elementor-section elementor-top-section elementor-element elementor-element-0a3df13 elementor-section-height-min-height elementor-section-items-bottom elementor-section-boxed elementor-section-height-default\" data-id=\"0a3df13\" data-element_type=\"section\" data-settings=\"{&quot;background_background&quot;:&quot;classic&quot;}\">\n\t\t\t\t\t\t\t<div class=\"elementor-background-overlay\"><\/div>\n\t\t\t\t\t\t\t<div class=\"elementor-container elementor-column-gap-default\">\n\t\t\t\t\t\t\t<div class=\"elementor-row\">\n\t\t\t\t\t<div class=\"elementor-column elementor-col-100 elementor-top-column elementor-element elementor-element-49a9f96\" data-id=\"49a9f96\" data-element_type=\"column\">\n\t\t\t<div class=\"elementor-column-wrap elementor-element-populated\">\n\t\t\t\t\t\t\t<div class=\"elementor-widget-wrap\">\n\t\t\t\t\t\t<div class=\"elementor-element elementor-element-00fadc4 elementor-widget__width-auto elementor-widget elementor-widget-heading\" data-id=\"00fadc4\" data-element_type=\"widget\" data-widget_type=\"heading.default\">\n\t\t\t\t<div class=\"elementor-widget-container\">\n\t\t\t<h1 class=\"elementor-heading-title elementor-size-default\">DTO MOKYMAI<\/h1>\t\t<\/div>\n\t\t\t\t<\/div>\n\t\t\t\t\t\t<\/div>\n\t\t\t\t\t<\/div>\n\t\t<\/div>\n\t\t\t\t\t\t\t\t<\/div>\n\t\t\t\t\t<\/div>\n\t\t<\/section>\n\t\t\t\t<section data-particle_enable=\"false\" data-particle-mobile-disabled=\"false\" class=\"elementor-section elementor-top-section elementor-element elementor-element-db21f43 elementor-section-boxed elementor-section-height-default elementor-section-height-default\" data-id=\"db21f43\" data-element_type=\"section\">\n\t\t\t\t\t\t<div class=\"elementor-container elementor-column-gap-default\">\n\t\t\t\t\t\t\t<div class=\"elementor-row\">\n\t\t\t\t\t<div class=\"elementor-column elementor-col-100 elementor-top-column elementor-element elementor-element-8269053\" data-id=\"8269053\" data-element_type=\"column\">\n\t\t\t<div class=\"elementor-column-wrap elementor-element-populated\">\n\t\t\t\t\t\t\t<div class=\"elementor-widget-wrap\">\n\t\t\t\t\t\t<div class=\"elementor-element elementor-element-e36de48 elementor-widget elementor-widget-text-editor\" data-id=\"e36de48\" data-element_type=\"widget\" data-widget_type=\"text-editor.default\">\n\t\t\t\t<div class=\"elementor-widget-container\">\n\t\t\t\t\t\t\t\t<div class=\"elementor-text-editor elementor-clearfix\">\n\t\t\t\t<p data-start=\"139\" data-end=\"360\">\u00a0<\/p><p data-start=\"139\" data-end=\"360\">Pilot\u0173 Mokykla, be patvirtintos ATO (Approved Training Organisation), taip pat veikia ir kaip DTO (Declared Training Organisation), leid\u017eianti dar lankstesniu ir efektyvesniu b\u016bdu organizuoti bendrosios aviacijos mokymus.<\/p><p data-start=\"362\" data-end=\"785\">DTO yra Europos aviacijos saugos agent\u016bros (<span class=\"hover:entity-accent entity-underline inline cursor-pointer align-baseline\"><span class=\"whitespace-normal\">European Union Aviation Safety Agency<\/span><\/span>) sukurta supaprastinta mokymo organizavimo sistema, skirta nekomerciniams pilot\u0173 mokymams, tokiems kaip PPL ir papildomos kvalifikacijos. Skirtingai nei ATO, DTO veikia deklaravimo principu \u2013 organizacija pati deklaruoja atitikt\u012f reikalavimams ir gali vykdyti mokymus be sud\u0117tingo sertifikavimo proceso .<\/p><p data-start=\"787\" data-end=\"839\">Pilot\u0173 Mokyklos DTO strukt\u016broje vykdomi \u0161ie mokymai:<\/p><ul data-start=\"841\" data-end=\"963\"><li data-start=\"841\" data-end=\"896\"><strong data-start=\"843\" data-end=\"894\">PPL(A) \u2013 privataus piloto licencija (l\u0117ktuvams)<\/strong><\/li><li data-start=\"897\" data-end=\"963\"><strong data-start=\"899\" data-end=\"963\">VFRN (Night Rating) \u2013 skryd\u017ei\u0173 pagal VFR nakt\u012f kvalifikacija<\/strong><\/li><\/ul><p data-start=\"1145\" data-end=\"1166\">Svarbu pabr\u0117\u017eti, kad:<\/p><ul data-start=\"1167\" data-end=\"1454\"><li data-start=\"1167\" data-end=\"1270\">mokym\u0173 kokyb\u0117, instruktoriai, orlaiviai ir infrastrukt\u016bra i\u0161lieka tokie patys kaip ir ATO veikloje;<\/li><li data-start=\"1271\" data-end=\"1335\">visi mokymai vykdomi laikantis galiojan\u010di\u0173 EASA reikalavim\u0173;<\/li><li data-start=\"1336\" data-end=\"1454\">DTO suteikia daugiau lankstumo organizuojant mokymus bei ma\u017eesn\u0119 administracin\u0119 na\u0161t\u0105, i\u0161laikant auk\u0161t\u0105 saugos lyg\u012f.<\/li><\/ul><p data-start=\"1413\" data-end=\"1606\">Pilot\u0173 Mokyklos LT.DTO.019 veikla yra oficialiai deklaruota ir paskelbta <a href=\"https:\/\/tka.lt\/katalogas\/pilotu-mokymo-organizacijos\/#tab-1\"><span class=\"hover:entity-accent entity-underline inline cursor-pointer align-baseline\"><span class=\"whitespace-normal\">Lietuvos transporto kompetencij\u0173 agent\u016bros<\/span><\/span> (TKA) interneto svetain\u0117je<\/a><\/p><p data-start=\"1608\" data-end=\"1759\">Tokiu b\u016bdu Pilot\u0173 Mokykla gali pasi\u016blyti tiek profesionali\u0173 pilot\u0173 rengim\u0105 per ATO, tiek efektyvius ir prieinamus bendrosios aviacijos mokymus per DTO.<\/p>\t\t\t\t\t<\/div>\n\t\t\t\t\t\t<\/div>\n\t\t\t\t<\/div>\n\t\t\t\t\t\t<\/div>\n\t\t\t\t\t<\/div>\n\t\t<\/div>\n\t\t\t\t\t\t\t\t<\/div>\n\t\t\t\t\t<\/div>\n\t\t<\/section>\n\t\t\t\t\t\t<\/div>\n\t\t\t\t\t\t<\/div>\n\t\t\t\t\t<\/div>\n\t\t","protected":false},"excerpt":{"rendered":"<p>DTO MOKYMAI \u00a0 Pilot\u0173 Mokykla, be patvirtintos ATO (Approved Training Organisation), taip pat veikia ir kaip DTO (Declared Training Organisation), &hellip;<\/p>\n<p class=\"read-more\"> <a class=\"\" href=\"https:\/\/www.pilotumokykla.lt\/?page_id=6311\"> <span class=\"screen-reader-text\">DTO Mokymai<\/span> Read More &raquo;<\/a><\/p>\n","protected":false},"author":16,"featured_media":0,"parent":0,"menu_order":0,"comment_status":"closed","ping_status":"closed","template":"elementor_header_footer","meta":{"site-sidebar-layout":"no-sidebar","site-content-layout":"page-builder","ast-global-header-display":"","ast-main-header-display":"","ast-hfb-above-header-display":"","ast-hfb-below-header-display":"","ast-hfb-mobile-header-display":"","site-post-title":"disabled","ast-breadcrumbs-content":"","ast-featured-img":"disabled","footer-sml-layout":"","theme-transparent-header-meta":"default","adv-header-id-meta":"","stick-header-meta":"","header-above-stick-meta":"","header-main-stick-meta":"","header-below-stick-meta":"","footnotes":""},"class_list":["post-6311","page","type-page","status-publish","hentry"],"_links":{"self":[{"href":"https:\/\/www.pilotumokykla.lt\/index.php?rest_route=\/wp\/v2\/pages\/6311","targetHints":{"allow":["GET"]}}],"collection":[{"href":"https:\/\/www.pilotumokykla.lt\/index.php?rest_route=\/wp\/v2\/pages"}],"about":[{"href":"https:\/\/www.pilotumokykla.lt\/index.php?rest_route=\/wp\/v2\/types\/page"}],"author":[{"embeddable":true,"href":"https:\/\/www.pilotumokykla.lt\/index.php?rest_route=\/wp\/v2\/users\/16"}],"replies":[{"embeddable":true,"href":"https:\/\/www.pilotumokykla.lt\/index.php?rest_route=%2Fwp%2Fv2%2Fcomments&post=6311"}],"version-history":[{"count":10,"href":"https:\/\/www.pilotumokykla.lt\/index.php?rest_route=\/wp\/v2\/pages\/6311\/revisions"}],"predecessor-version":[{"id":6322,"href":"https:\/\/www.pilotumokykla.lt\/index.php?rest_route=\/wp\/v2\/pages\/6311\/revisions\/6322"}],"wp:attachment":[{"href":"https:\/\/www.pilotumokykla.lt\/index.php?rest_route=%2Fwp%2Fv2%2Fmedia&parent=6311"}],"curies":[{"name":"wp","href":"https:\/\/api.w.org\/{rel}","templated":true}]}}