
{"id":2947,"date":"2021-09-07T20:24:33","date_gmt":"2021-09-07T18:24:33","guid":{"rendered":"http:\/\/www.pilotumokykla.lt\/?page_id=2947"},"modified":"2021-09-17T17:30:55","modified_gmt":"2021-09-17T15:30:55","slug":"fia-instruktoriaus-kvalifikacija","status":"publish","type":"page","link":"https:\/\/www.pilotumokykla.lt\/?page_id=2947","title":{"rendered":"FI(A) &#8211; Instruktoriaus kvalifikacija"},"content":{"rendered":"\t\t<div data-elementor-type=\"wp-page\" data-elementor-id=\"2947\" class=\"elementor elementor-2947\" data-elementor-settings=\"[]\">\n\t\t\t\t\t\t<div class=\"elementor-inner\">\n\t\t\t\t\t\t\t<div class=\"elementor-section-wrap\">\n\t\t\t\t\t\t\t<section data-particle_enable=\"false\" data-particle-mobile-disabled=\"false\" class=\"elementor-section elementor-top-section elementor-element elementor-element-b9e7fff elementor-section-boxed elementor-section-height-default elementor-section-height-default\" data-id=\"b9e7fff\" data-element_type=\"section\" data-settings=\"{&quot;background_background&quot;:&quot;classic&quot;}\">\n\t\t\t\t\t\t<div class=\"elementor-container elementor-column-gap-default\">\n\t\t\t\t\t\t\t<div class=\"elementor-row\">\n\t\t\t\t\t<div class=\"elementor-column elementor-col-100 elementor-top-column elementor-element elementor-element-e52c28a\" data-id=\"e52c28a\" data-element_type=\"column\">\n\t\t\t<div class=\"elementor-column-wrap elementor-element-populated\">\n\t\t\t\t\t\t\t<div class=\"elementor-widget-wrap\">\n\t\t\t\t\t\t<div class=\"elementor-element elementor-element-63942dd elementor-widget__width-auto elementor-widget elementor-widget-heading\" data-id=\"63942dd\" data-element_type=\"widget\" data-widget_type=\"heading.default\">\n\t\t\t\t<div class=\"elementor-widget-container\">\n\t\t\t<h1 class=\"elementor-heading-title elementor-size-default\">FI(A) - Instruktoriaus kvalifikacija<\/h1>\t\t<\/div>\n\t\t\t\t<\/div>\n\t\t\t\t\t\t<\/div>\n\t\t\t\t\t<\/div>\n\t\t<\/div>\n\t\t\t\t\t\t\t\t<\/div>\n\t\t\t\t\t<\/div>\n\t\t<\/section>\n\t\t\t\t<section data-particle_enable=\"false\" data-particle-mobile-disabled=\"false\" class=\"elementor-section elementor-top-section elementor-element elementor-element-e19120c elementor-section-boxed elementor-section-height-default elementor-section-height-default\" data-id=\"e19120c\" data-element_type=\"section\" data-settings=\"{&quot;background_background&quot;:&quot;classic&quot;}\">\n\t\t\t\t\t\t\t<div class=\"elementor-background-overlay\"><\/div>\n\t\t\t\t\t\t\t<div class=\"elementor-container elementor-column-gap-wider\">\n\t\t\t\t\t\t\t<div class=\"elementor-row\">\n\t\t\t\t\t<div class=\"elementor-column elementor-col-50 elementor-top-column elementor-element elementor-element-b9dac23\" data-id=\"b9dac23\" data-element_type=\"column\">\n\t\t\t<div class=\"elementor-column-wrap elementor-element-populated\">\n\t\t\t\t\t\t\t<div class=\"elementor-widget-wrap\">\n\t\t\t\t\t\t<div class=\"elementor-element elementor-element-09cfca6 elementor-widget elementor-widget-heading\" data-id=\"09cfca6\" data-element_type=\"widget\" data-widget_type=\"heading.default\">\n\t\t\t\t<div class=\"elementor-widget-container\">\n\t\t\t<h3 class=\"elementor-heading-title elementor-size-default\">PRI\u0116MIMO REIKALAVIMAI:<\/h3>\t\t<\/div>\n\t\t\t\t<\/div>\n\t\t\t\t<div class=\"elementor-element elementor-element-25b64f7 elementor-icon-list--layout-traditional elementor-list-item-link-full_width elementor-widget elementor-widget-icon-list\" data-id=\"25b64f7\" data-element_type=\"widget\" data-widget_type=\"icon-list.default\">\n\t\t\t\t<div class=\"elementor-widget-container\">\n\t\t\t\t\t<ul class=\"elementor-icon-list-items\">\n\t\t\t\t\t\t\t<li class=\"elementor-icon-list-item\">\n\t\t\t\t\t\t\t\t\t\t\t<span class=\"elementor-icon-list-icon\">\n\t\t\t\t\t\t\t<i aria-hidden=\"true\" class=\"fas fa-plane\"><\/i>\t\t\t\t\t\t<\/span>\n\t\t\t\t\t\t\t\t\t\t<span class=\"elementor-icon-list-text\">Privalo b\u016bti baig\u0119s bent 10 valand\u0173 skryd\u017eio pagal prietaisus atitinkamos kategorijos orlaiviu mokym\u0105, i\u0161 kuri\u0173 ne daugiau kaip 5 valandas gali sudaryti FSTD imituojamo skryd\u017eio pagal prietaisus laikas<\/span>\n\t\t\t\t\t\t\t\t\t<\/li>\n\t\t\t\t\t\t\t\t<li class=\"elementor-icon-list-item\">\n\t\t\t\t\t\t\t\t\t\t\t<span class=\"elementor-icon-list-icon\">\n\t\t\t\t\t\t\t<i aria-hidden=\"true\" class=\"fas fa-plane\"><\/i>\t\t\t\t\t\t<\/span>\n\t\t\t\t\t\t\t\t\t\t<span class=\"elementor-icon-list-text\">Kaip atitinkamos kategorijos orlaivio \u012fgulos vadas privalo b\u016bti i\u0161skraid\u0119s 20 valand\u0173 mar\u0161rutinio skryd\u017eio pagal VFR laiko<\/span>\n\t\t\t\t\t\t\t\t\t<\/li>\n\t\t\t\t\t\t\t\t<li class=\"elementor-icon-list-item\">\n\t\t\t\t\t\t\t\t\t\t\t<span class=\"elementor-icon-list-icon\">\n\t\t\t\t\t\t\t<i aria-hidden=\"true\" class=\"fas fa-plane\"><\/i>\t\t\t\t\t\t<\/span>\n\t\t\t\t\t\t\t\t\t\t<span class=\"elementor-icon-list-text\">privalo tur\u0117ti bent CPL(A) arba privalo tur\u0117ti bent PPL(A) ir: <br>i) i\u0161skyrus atvejus, kai FI(A) vykdo tik LAPL(A) gauti b\u016btin\u0105 mokym\u0105, privalo b\u016bti i\u0161laik\u0119s CPL teorijos egzamin\u0105, kuris gali b\u016bti laikomas nebaigus CPL teorijos mokymo kurso ir negalioja siekiant gauti CPL; <br>ii) l\u0117ktuvu ar TMG privalo b\u016bti i\u0161skraid\u0119s bent 200 valand\u0173 skryd\u017eio laiko, i\u0161 kuri\u0173 bent 150 valand\u0173 turi b\u016bti i\u0161skraidytos vykdant \u012fgulos vado funkcijas;<\/span>\n\t\t\t\t\t\t\t\t\t<\/li>\n\t\t\t\t\t\t\t\t<li class=\"elementor-icon-list-item\">\n\t\t\t\t\t\t\t\t\t\t\t<span class=\"elementor-icon-list-icon\">\n\t\t\t\t\t\t\t<i aria-hidden=\"true\" class=\"fas fa-plane\"><\/i>\t\t\t\t\t\t<\/span>\n\t\t\t\t\t\t\t\t\t\t<span class=\"elementor-icon-list-text\">Vieno st\u016bmoklinio variklio l\u0117ktuvu privalo b\u016bti i\u0161skraid\u0119s bent 30 valand\u0173 skryd\u017eio laiko, i\u0161 kuri\u0173 bent 5 valandos turi b\u016bti i\u0161skraidytos per 6 m\u0117nesius iki parengiamojo skryd\u017eio bandymo, nustatyto 10 punkte \u017eemiau<\/span>\n\t\t\t\t\t\t\t\t\t<\/li>\n\t\t\t\t\t\t\t\t<li class=\"elementor-icon-list-item\">\n\t\t\t\t\t\t\t\t\t\t\t<span class=\"elementor-icon-list-icon\">\n\t\t\t\t\t\t\t<i aria-hidden=\"true\" class=\"fas fa-plane\"><\/i>\t\t\t\t\t\t<\/span>\n\t\t\t\t\t\t\t\t\t\t<span class=\"elementor-icon-list-text\">privalo b\u016bti \u012fvykd\u0119s mar\u0161rutin\u012f skryd\u012f pagal VFR kaip \u012fgulos vadas, \u012fskaitant bent 540 km (300 j\u016brmyli\u0173) mar\u0161rutin\u012f skryd\u012f, per kur\u012f 2 skirtinguose aerodromuose nutupiama visi\u0161kai sustojant;<\/span>\n\t\t\t\t\t\t\t\t\t<\/li>\n\t\t\t\t\t\t\t\t<li class=\"elementor-icon-list-item\">\n\t\t\t\t\t\t\t\t\t\t\t<span class=\"elementor-icon-list-icon\">\n\t\t\t\t\t\t\t<i aria-hidden=\"true\" class=\"fas fa-plane\"><\/i>\t\t\t\t\t\t<\/span>\n\t\t\t\t\t\t\t\t\t\t<span class=\"elementor-icon-list-text\">Tur\u0117ti galiojan\u010dias klas\u0117s arba tipo, kuriuo ketinama atlikti mokymus kvalifikacij\u0105 ir tur\u0117ti teis\u0119 vykdyti orlaivio \u012fgulos vado funkcijas<\/span>\n\t\t\t\t\t\t\t\t\t<\/li>\n\t\t\t\t\t\t\t\t<li class=\"elementor-icon-list-item\">\n\t\t\t\t\t\t\t\t\t\t\t<span class=\"elementor-icon-list-icon\">\n\t\t\t\t\t\t\t<i aria-hidden=\"true\" class=\"fas fa-plane\"><\/i>\t\t\t\t\t\t<\/span>\n\t\t\t\t\t\t\t\t\t\t<span class=\"elementor-icon-list-text\">Kaip atitinkamos klas\u0117s ar tipo orlaivio, kuriuo jis ketina mokyti skryd\u017eio, pilotas b\u016bti i\u0161skraid\u0119s bent 15 valand\u0173 skryd\u017eio laiko, kurio, jei taikoma, ne daugiau kaip 7 valandas gali sudaryti mokymasis tos klas\u0117s ar tipo orlaiv\u012f atitinkan\u010diu FSTD<\/span>\n\t\t\t\t\t\t\t\t\t<\/li>\n\t\t\t\t\t\t\t\t<li class=\"elementor-icon-list-item\">\n\t\t\t\t\t\t\t\t\t\t\t<span class=\"elementor-icon-list-icon\">\n\t\t\t\t\t\t\t<i aria-hidden=\"true\" class=\"fas fa-plane\"><\/i>\t\t\t\t\t\t<\/span>\n\t\t\t\t\t\t\t\t\t\t<span class=\"elementor-icon-list-text\">Turi b\u016bti ne jaunesnis kaip 18 m.<\/span>\n\t\t\t\t\t\t\t\t\t<\/li>\n\t\t\t\t\t\t\t\t<li class=\"elementor-icon-list-item\">\n\t\t\t\t\t\t\t\t\t\t\t<span class=\"elementor-icon-list-icon\">\n\t\t\t\t\t\t\t<i aria-hidden=\"true\" class=\"fas fa-plane\"><\/i>\t\t\t\t\t\t<\/span>\n\t\t\t\t\t\t\t\t\t\t<span class=\"elementor-icon-list-text\">Per 6 m\u0117nesius iki kurso prad\u017eios, dalyvaujant FI, kurio kvalifikacija atitinka FCl.905.FI dalies j punkto reikalavimus, privalo b\u016bti s\u0117kmingai atlik\u0119s special\u0173 stojam\u0105j\u012f skryd\u017eio test\u0105, kad b\u016bt\u0173 \u012fvertintas jo geb\u0117jimas atlikti kurs\u0105. Stojamasis skryd\u017eio testas turi b\u016bti pagr\u012fstas atitinkamos orlaivi\u0173 klas\u0117s ir tipo kvalifikacijos patikrinimo egzaminu pagal FCL dalies 9 pried\u0117l\u012f.<\/span>\n\t\t\t\t\t\t\t\t\t<\/li>\n\t\t\t\t\t\t<\/ul>\n\t\t\t\t<\/div>\n\t\t\t\t<\/div>\n\t\t\t\t\t\t<\/div>\n\t\t\t\t\t<\/div>\n\t\t<\/div>\n\t\t\t\t<div class=\"elementor-column elementor-col-50 elementor-top-column elementor-element elementor-element-92476ee\" data-id=\"92476ee\" data-element_type=\"column\">\n\t\t\t<div class=\"elementor-column-wrap\">\n\t\t\t\t\t\t\t<div class=\"elementor-widget-wrap\">\n\t\t\t\t\t\t\t\t<\/div>\n\t\t\t\t\t<\/div>\n\t\t<\/div>\n\t\t\t\t\t\t\t\t<\/div>\n\t\t\t\t\t<\/div>\n\t\t<\/section>\n\t\t\t\t<section data-particle_enable=\"false\" data-particle-mobile-disabled=\"false\" class=\"elementor-section elementor-top-section elementor-element elementor-element-6a84a05 elementor-section-boxed elementor-section-height-default elementor-section-height-default\" data-id=\"6a84a05\" data-element_type=\"section\">\n\t\t\t\t\t\t<div class=\"elementor-container elementor-column-gap-wider\">\n\t\t\t\t\t\t\t<div class=\"elementor-row\">\n\t\t\t\t\t<div class=\"elementor-column elementor-col-100 elementor-top-column elementor-element elementor-element-d25045c\" data-id=\"d25045c\" data-element_type=\"column\">\n\t\t\t<div class=\"elementor-column-wrap elementor-element-populated\">\n\t\t\t\t\t\t\t<div class=\"elementor-widget-wrap\">\n\t\t\t\t\t\t<div class=\"elementor-element elementor-element-e406fab pp-table-center elementor-widget elementor-widget-pp-table\" data-id=\"e406fab\" data-element_type=\"widget\" data-settings=\"{&quot;table_type&quot;:&quot;normal&quot;}\" data-widget_type=\"pp-table.default\">\n\t\t\t\t<div class=\"elementor-widget-container\">\n\t\t\t\t\t<div class=\"pp-table-container\">\n\t\t\t<table \n\t\t\tclass=\"pp-table tablesaw\"\t\t\t\t>\n\t\t\t\t\t\t\t<colgroup>\n\t\t\t\t\t\t\t\t<col\n\t\t\t\t\tspan=\"1\"\n\t\t\t\t\tclass=\"elementor-repeater-item-36f2706\"\n\t\t\t\t\t\t\t\t\t\t\tstyle=\"\n\t\t\t\t\t\t\t\t\t\t\t\t\t\t\t\t\t\t\t\t\"\n\t\t\t\t\t\t\t\t\t\t>\n\t\t\t\t\t\t\t<\/colgroup>\n\t\t\t\t\t\t<thead>\n\t\t\t\t<tr class=\"pp-table-row\">\n\t\t\t\t\t<th class=\"pp-table-cell pp-table-cell-a8e6633\"><span class=\"pp-table-cell-content\"><span class=\"pp-table-cell-text\">APIB\u016aDINIMAS<\/span><\/span><\/th><th class=\"pp-table-cell pp-table-cell-36e1ed2\"><span class=\"pp-table-cell-content\"><span class=\"pp-table-cell-text\">LAIKAS \/ VALANDOS<\/span><\/span><\/th>\t\t\t\t<\/tr>\n\t\t\t<\/thead>\n\t\t\t\t\t<tfoot>\n\t\t\t<\/tr>\t\t<\/tfoot>\n\t\t\t\t<tbody>\n\t\t\t<tr><td class=\"pp-table-cell pp-table-cell-511f0db\"><span class=\"pp-table-cell-content\"><span class=\"pp-table-cell-text\">Praktiniai skryd\u017eiai<\/span><\/span><\/td><td class=\"pp-table-cell pp-table-cell-10dcef2\"><span class=\"pp-table-cell-content\"><span class=\"pp-table-cell-text\">30<\/span><\/span><\/td><\/tr><tr><td class=\"pp-table-cell pp-table-cell-90b2a48\"><span class=\"pp-table-cell-content\"><span class=\"pp-table-cell-text\">FI(A) teorijos mokymas<\/span><\/span><\/td><td class=\"pp-table-cell pp-table-cell-55e536f\"><span class=\"pp-table-cell-content\"><span class=\"pp-table-cell-text\">125<\/span><\/span><\/td><\/tr><tr><td class=\"pp-table-cell pp-table-cell-4c35ef2\"><span class=\"pp-table-cell-content\"><span class=\"pp-table-cell-text\">Kompetencij\u0173 vertinimas<\/span><\/span><\/td><td class=\"pp-table-cell pp-table-cell-a49d406\"><span class=\"pp-table-cell-content\"><span class=\"pp-table-cell-text\">4<\/span><\/span><\/td><\/tr>\t\t<\/tbody>\n\t\t\t\t\t<\/table>\n\t\t<\/div>\n\t\t\t\t<\/div>\n\t\t\t\t<\/div>\n\t\t\t\t\t\t<\/div>\n\t\t\t\t\t<\/div>\n\t\t<\/div>\n\t\t\t\t\t\t\t\t<\/div>\n\t\t\t\t\t<\/div>\n\t\t<\/section>\n\t\t\t\t<section data-particle_enable=\"false\" data-particle-mobile-disabled=\"false\" class=\"elementor-section elementor-top-section elementor-element elementor-element-0d8ebbc elementor-section-boxed elementor-section-height-default elementor-section-height-default\" data-id=\"0d8ebbc\" data-element_type=\"section\">\n\t\t\t\t\t\t<div class=\"elementor-container elementor-column-gap-default\">\n\t\t\t\t\t\t\t<div class=\"elementor-row\">\n\t\t\t\t\t<div class=\"elementor-column elementor-col-100 elementor-top-column elementor-element elementor-element-000de0a\" data-id=\"000de0a\" data-element_type=\"column\">\n\t\t\t<div class=\"elementor-column-wrap elementor-element-populated\">\n\t\t\t\t\t\t\t<div class=\"elementor-widget-wrap\">\n\t\t\t\t\t\t<div class=\"elementor-element elementor-element-f5f853f elementor-align-center elementor-widget elementor-widget-button\" data-id=\"f5f853f\" data-element_type=\"widget\" data-widget_type=\"button.default\">\n\t\t\t\t<div class=\"elementor-widget-container\">\n\t\t\t\t\t<div class=\"elementor-button-wrapper\">\n\t\t\t<a href=\"https:\/\/www.pilotumokykla.lt\/?page_id=536\" class=\"elementor-button-link elementor-button elementor-size-sm\" role=\"button\">\n\t\t\t\t\t\t<span class=\"elementor-button-content-wrapper\">\n\t\t\t\t\t\t<span class=\"elementor-button-icon elementor-align-icon-right\">\n\t\t\t\t<i aria-hidden=\"true\" class=\"far fa-arrow-alt-circle-right\"><\/i>\t\t\t<\/span>\n\t\t\t\t\t\t<span class=\"elementor-button-text\">Susisiekti<\/span>\n\t\t<\/span>\n\t\t\t\t\t<\/a>\n\t\t<\/div>\n\t\t\t\t<\/div>\n\t\t\t\t<\/div>\n\t\t\t\t\t\t<\/div>\n\t\t\t\t\t<\/div>\n\t\t<\/div>\n\t\t\t\t\t\t\t\t<\/div>\n\t\t\t\t\t<\/div>\n\t\t<\/section>\n\t\t\t\t\t\t<\/div>\n\t\t\t\t\t\t<\/div>\n\t\t\t\t\t<\/div>\n\t\t","protected":false},"excerpt":{"rendered":"<p>FI(A) &#8211; Instruktoriaus kvalifikacija PRI\u0116MIMO REIKALAVIMAI: Privalo b\u016bti baig\u0119s bent 10 valand\u0173 skryd\u017eio pagal prietaisus atitinkamos kategorijos orlaiviu mokym\u0105, i\u0161 &hellip;<\/p>\n<p class=\"read-more\"> <a class=\"\" href=\"https:\/\/www.pilotumokykla.lt\/?page_id=2947\"> <span class=\"screen-reader-text\">FI(A) &#8211; Instruktoriaus kvalifikacija<\/span> Read More &raquo;<\/a><\/p>\n","protected":false},"author":1,"featured_media":0,"parent":0,"menu_order":0,"comment_status":"closed","ping_status":"closed","template":"","meta":{"site-sidebar-layout":"no-sidebar","site-content-layout":"page-builder","ast-global-header-display":"","ast-main-header-display":"","ast-hfb-above-header-display":"","ast-hfb-below-header-display":"","ast-hfb-mobile-header-display":"","site-post-title":"disabled","ast-breadcrumbs-content":"","ast-featured-img":"disabled","footer-sml-layout":"","theme-transparent-header-meta":"default","adv-header-id-meta":"","stick-header-meta":"","header-above-stick-meta":"","header-main-stick-meta":"","header-below-stick-meta":"","footnotes":""},"class_list":["post-2947","page","type-page","status-publish","hentry"],"_links":{"self":[{"href":"https:\/\/www.pilotumokykla.lt\/index.php?rest_route=\/wp\/v2\/pages\/2947","targetHints":{"allow":["GET"]}}],"collection":[{"href":"https:\/\/www.pilotumokykla.lt\/index.php?rest_route=\/wp\/v2\/pages"}],"about":[{"href":"https:\/\/www.pilotumokykla.lt\/index.php?rest_route=\/wp\/v2\/types\/page"}],"author":[{"embeddable":true,"href":"https:\/\/www.pilotumokykla.lt\/index.php?rest_route=\/wp\/v2\/users\/1"}],"replies":[{"embeddable":true,"href":"https:\/\/www.pilotumokykla.lt\/index.php?rest_route=%2Fwp%2Fv2%2Fcomments&post=2947"}],"version-history":[{"count":13,"href":"https:\/\/www.pilotumokykla.lt\/index.php?rest_route=\/wp\/v2\/pages\/2947\/revisions"}],"predecessor-version":[{"id":3919,"href":"https:\/\/www.pilotumokykla.lt\/index.php?rest_route=\/wp\/v2\/pages\/2947\/revisions\/3919"}],"wp:attachment":[{"href":"https:\/\/www.pilotumokykla.lt\/index.php?rest_route=%2Fwp%2Fv2%2Fmedia&parent=2947"}],"curies":[{"name":"wp","href":"https:\/\/api.w.org\/{rel}","templated":true}]}}