
{"id":2353,"date":"2021-09-06T17:48:48","date_gmt":"2021-09-06T15:48:48","guid":{"rendered":"http:\/\/www.pilotumokykla.lt\/?page_id=2353"},"modified":"2021-09-17T17:32:36","modified_gmt":"2021-09-17T15:32:36","slug":"vfrn-naktine-kvalifikacija","status":"publish","type":"page","link":"https:\/\/www.pilotumokykla.lt\/?page_id=2353","title":{"rendered":"VFRN &#8211; Naktin\u0117 kvalifikacija"},"content":{"rendered":"\t\t<div data-elementor-type=\"wp-page\" data-elementor-id=\"2353\" class=\"elementor elementor-2353\" data-elementor-settings=\"[]\">\n\t\t\t\t\t\t<div class=\"elementor-inner\">\n\t\t\t\t\t\t\t<div class=\"elementor-section-wrap\">\n\t\t\t\t\t\t\t<section data-particle_enable=\"false\" data-particle-mobile-disabled=\"false\" class=\"elementor-section elementor-top-section elementor-element elementor-element-c2a2b5d elementor-section-boxed elementor-section-height-default elementor-section-height-default\" data-id=\"c2a2b5d\" data-element_type=\"section\" data-settings=\"{&quot;background_background&quot;:&quot;classic&quot;}\">\n\t\t\t\t\t\t<div class=\"elementor-container elementor-column-gap-default\">\n\t\t\t\t\t\t\t<div class=\"elementor-row\">\n\t\t\t\t\t<div class=\"elementor-column elementor-col-100 elementor-top-column elementor-element elementor-element-56f01f0\" data-id=\"56f01f0\" data-element_type=\"column\">\n\t\t\t<div class=\"elementor-column-wrap elementor-element-populated\">\n\t\t\t\t\t\t\t<div class=\"elementor-widget-wrap\">\n\t\t\t\t\t\t<div class=\"elementor-element elementor-element-87645f7 elementor-widget__width-auto elementor-widget elementor-widget-heading\" data-id=\"87645f7\" data-element_type=\"widget\" data-widget_type=\"heading.default\">\n\t\t\t\t<div class=\"elementor-widget-container\">\n\t\t\t<h1 class=\"elementor-heading-title elementor-size-default\">VFRN - Naktin\u0117 kvalifikacija<\/h1>\t\t<\/div>\n\t\t\t\t<\/div>\n\t\t\t\t<div class=\"elementor-element elementor-element-2931044 elementor-widget elementor-widget-heading\" data-id=\"2931044\" data-element_type=\"widget\" data-widget_type=\"heading.default\">\n\t\t\t\t<div class=\"elementor-widget-container\">\n\t\t\t<h3 class=\"elementor-heading-title elementor-size-default\">Siekiant, kad b\u016bt\u0173 suteiktas leidimas skraidyti vizualiai nakt\u012f (VFRN), pretendentas turi atlikti ne ma\u017eiau kaip 5 val. mokomuosius skryd\u017eius nakt\u012f, i\u0161 kuri\u0173; vien\u0105, ne trumpesn\u012f kaip 1 val. skryd\u012f mar\u0161rutu;ne ma\u017eiau kaip 5 savaranki\u0161kus skryd\u017eius visi\u0161kai sustojant nut\u016bpus. Praktini\u0173 geb\u0117jim\u0173 tikrinimas nakt\u012f \u0161iuo atveju b\u016btinas \u2013 jis gali b\u016bti apjungtas su tikrinimu gauti licencija.<\/h3>\t\t<\/div>\n\t\t\t\t<\/div>\n\t\t\t\t\t\t<\/div>\n\t\t\t\t\t<\/div>\n\t\t<\/div>\n\t\t\t\t\t\t\t\t<\/div>\n\t\t\t\t\t<\/div>\n\t\t<\/section>\n\t\t\t\t<section data-particle_enable=\"false\" data-particle-mobile-disabled=\"false\" class=\"elementor-section elementor-top-section elementor-element elementor-element-e21eed7 elementor-section-boxed elementor-section-height-default elementor-section-height-default\" data-id=\"e21eed7\" data-element_type=\"section\">\n\t\t\t\t\t\t<div class=\"elementor-container elementor-column-gap-wider\">\n\t\t\t\t\t\t\t<div class=\"elementor-row\">\n\t\t\t\t\t<div class=\"elementor-column elementor-col-100 elementor-top-column elementor-element elementor-element-4fa77fd\" data-id=\"4fa77fd\" data-element_type=\"column\">\n\t\t\t<div class=\"elementor-column-wrap elementor-element-populated\">\n\t\t\t\t\t\t\t<div class=\"elementor-widget-wrap\">\n\t\t\t\t\t\t<div class=\"elementor-element elementor-element-4bf952e elementor-widget elementor-widget-heading\" data-id=\"4bf952e\" data-element_type=\"widget\" data-widget_type=\"heading.default\">\n\t\t\t\t<div class=\"elementor-widget-container\">\n\t\t\t<h3 class=\"elementor-heading-title elementor-size-default\">Kainos:<\/h3>\t\t<\/div>\n\t\t\t\t<\/div>\n\t\t\t\t<div class=\"elementor-element elementor-element-2373f8b pp-table-center elementor-widget elementor-widget-pp-table\" data-id=\"2373f8b\" data-element_type=\"widget\" data-settings=\"{&quot;table_type&quot;:&quot;normal&quot;}\" data-widget_type=\"pp-table.default\">\n\t\t\t\t<div class=\"elementor-widget-container\">\n\t\t\t\t\t<div class=\"pp-table-container\">\n\t\t\t<table \n\t\t\tclass=\"pp-table tablesaw\"\t\t\t\t>\n\t\t\t\t\t\t\t<colgroup>\n\t\t\t\t\t\t\t\t<col\n\t\t\t\t\tspan=\"1\"\n\t\t\t\t\tclass=\"elementor-repeater-item-36f2706\"\n\t\t\t\t\t\t\t\t\t\t\tstyle=\"\n\t\t\t\t\t\t\t\t\t\t\t\t\t\t\t\t\t\t\t\t\"\n\t\t\t\t\t\t\t\t\t\t>\n\t\t\t\t\t\t\t<\/colgroup>\n\t\t\t\t\t\t<thead>\n\t\t\t\t<tr class=\"pp-table-row\">\n\t\t\t\t\t<th class=\"pp-table-cell pp-table-cell-a8e6633\"><span class=\"pp-table-cell-content\"><span class=\"pp-table-cell-text\">APRA\u0160YMAS<\/span><\/span><\/th><th class=\"pp-table-cell pp-table-cell-36e1ed2\"><span class=\"pp-table-cell-content\"><span class=\"pp-table-cell-text\">LAIKAS \/ VALANDOS<\/span><\/span><\/th>\t\t\t\t<\/tr>\n\t\t\t<\/thead>\n\t\t\t\t\t<tfoot>\n\t\t\t<\/tr>\t\t<\/tfoot>\n\t\t\t\t<tbody>\n\t\t\t<tr><td class=\"pp-table-cell pp-table-cell-c4e9037\"><span class=\"pp-table-cell-content\"><span class=\"pp-table-cell-text\">Ant\u017eeminis mokymas<\/span><\/span><\/td><td class=\"pp-table-cell pp-table-cell-962778a\"><span class=\"pp-table-cell-content\"><span class=\"pp-table-cell-text\">2<\/span><\/span><\/td><\/tr><tr><td class=\"pp-table-cell pp-table-cell-296d12d\"><span class=\"pp-table-cell-content\"><span class=\"pp-table-cell-text\">Skryd\u017eiai su C150\/152<\/span><\/span><\/td><td class=\"pp-table-cell pp-table-cell-d183b0a\"><span class=\"pp-table-cell-content\"><span class=\"pp-table-cell-text\">05:00<\/span><\/span><\/td><\/tr><tr><td class=\"pp-table-cell pp-table-cell-511f0db\"><span class=\"pp-table-cell-content\"><span class=\"pp-table-cell-text\">T\u016bpimo mokes\u010diai Vilniaus tarptautiniame oro uoste\n<\/span><\/span><\/td><td class=\"pp-table-cell pp-table-cell-57afea2\"><span class=\"pp-table-cell-content\"><span class=\"pp-table-cell-text\"> <\/span><\/span><\/td><\/tr><tr><td class=\"pp-table-cell pp-table-cell-90b2a48\"><span class=\"pp-table-cell-content\"><span class=\"pp-table-cell-text\">VISO:<\/span><\/span><\/td><td class=\"pp-table-cell pp-table-cell-76fd1a2\"><span class=\"pp-table-cell-content\"><span class=\"pp-table-cell-text\">Skryd\u017ei\u0173 \u2013 5:00, \nTeorijos - 2<\/span><\/span><\/td><\/tr>\t\t<\/tbody>\n\t\t\t\t\t<\/table>\n\t\t<\/div>\n\t\t\t\t<\/div>\n\t\t\t\t<\/div>\n\t\t\t\t\t\t<\/div>\n\t\t\t\t\t<\/div>\n\t\t<\/div>\n\t\t\t\t\t\t\t\t<\/div>\n\t\t\t\t\t<\/div>\n\t\t<\/section>\n\t\t\t\t<section data-particle_enable=\"false\" data-particle-mobile-disabled=\"false\" class=\"elementor-section elementor-top-section elementor-element elementor-element-a77cdee elementor-section-boxed elementor-section-height-default elementor-section-height-default\" data-id=\"a77cdee\" data-element_type=\"section\">\n\t\t\t\t\t\t<div class=\"elementor-container elementor-column-gap-default\">\n\t\t\t\t\t\t\t<div class=\"elementor-row\">\n\t\t\t\t\t<div class=\"elementor-column elementor-col-100 elementor-top-column elementor-element elementor-element-e0c3937\" data-id=\"e0c3937\" data-element_type=\"column\">\n\t\t\t<div class=\"elementor-column-wrap elementor-element-populated\">\n\t\t\t\t\t\t\t<div class=\"elementor-widget-wrap\">\n\t\t\t\t\t\t<div class=\"elementor-element elementor-element-4506e00 elementor-align-center elementor-widget elementor-widget-button\" data-id=\"4506e00\" data-element_type=\"widget\" data-widget_type=\"button.default\">\n\t\t\t\t<div class=\"elementor-widget-container\">\n\t\t\t\t\t<div class=\"elementor-button-wrapper\">\n\t\t\t<a href=\"https:\/\/www.pilotumokykla.lt\/?page_id=536\" class=\"elementor-button-link elementor-button elementor-size-sm\" role=\"button\">\n\t\t\t\t\t\t<span class=\"elementor-button-content-wrapper\">\n\t\t\t\t\t\t<span class=\"elementor-button-icon elementor-align-icon-right\">\n\t\t\t\t<i aria-hidden=\"true\" class=\"far fa-arrow-alt-circle-right\"><\/i>\t\t\t<\/span>\n\t\t\t\t\t\t<span class=\"elementor-button-text\">Susisiekti<\/span>\n\t\t<\/span>\n\t\t\t\t\t<\/a>\n\t\t<\/div>\n\t\t\t\t<\/div>\n\t\t\t\t<\/div>\n\t\t\t\t\t\t<\/div>\n\t\t\t\t\t<\/div>\n\t\t<\/div>\n\t\t\t\t\t\t\t\t<\/div>\n\t\t\t\t\t<\/div>\n\t\t<\/section>\n\t\t\t\t\t\t<\/div>\n\t\t\t\t\t\t<\/div>\n\t\t\t\t\t<\/div>\n\t\t","protected":false},"excerpt":{"rendered":"<p>VFRN &#8211; Naktin\u0117 kvalifikacija Siekiant, kad b\u016bt\u0173 suteiktas leidimas skraidyti vizualiai nakt\u012f (VFRN), pretendentas turi atlikti ne ma\u017eiau kaip 5 &hellip;<\/p>\n<p class=\"read-more\"> <a class=\"\" href=\"https:\/\/www.pilotumokykla.lt\/?page_id=2353\"> <span class=\"screen-reader-text\">VFRN &#8211; Naktin\u0117 kvalifikacija<\/span> Read More &raquo;<\/a><\/p>\n","protected":false},"author":1,"featured_media":0,"parent":0,"menu_order":0,"comment_status":"closed","ping_status":"closed","template":"","meta":{"site-sidebar-layout":"no-sidebar","site-content-layout":"page-builder","ast-global-header-display":"","ast-main-header-display":"","ast-hfb-above-header-display":"","ast-hfb-below-header-display":"","ast-hfb-mobile-header-display":"","site-post-title":"disabled","ast-breadcrumbs-content":"","ast-featured-img":"disabled","footer-sml-layout":"","theme-transparent-header-meta":"default","adv-header-id-meta":"","stick-header-meta":"","header-above-stick-meta":"","header-main-stick-meta":"","header-below-stick-meta":"","footnotes":""},"class_list":["post-2353","page","type-page","status-publish","hentry"],"_links":{"self":[{"href":"https:\/\/www.pilotumokykla.lt\/index.php?rest_route=\/wp\/v2\/pages\/2353","targetHints":{"allow":["GET"]}}],"collection":[{"href":"https:\/\/www.pilotumokykla.lt\/index.php?rest_route=\/wp\/v2\/pages"}],"about":[{"href":"https:\/\/www.pilotumokykla.lt\/index.php?rest_route=\/wp\/v2\/types\/page"}],"author":[{"embeddable":true,"href":"https:\/\/www.pilotumokykla.lt\/index.php?rest_route=\/wp\/v2\/users\/1"}],"replies":[{"embeddable":true,"href":"https:\/\/www.pilotumokykla.lt\/index.php?rest_route=%2Fwp%2Fv2%2Fcomments&post=2353"}],"version-history":[{"count":102,"href":"https:\/\/www.pilotumokykla.lt\/index.php?rest_route=\/wp\/v2\/pages\/2353\/revisions"}],"predecessor-version":[{"id":3931,"href":"https:\/\/www.pilotumokykla.lt\/index.php?rest_route=\/wp\/v2\/pages\/2353\/revisions\/3931"}],"wp:attachment":[{"href":"https:\/\/www.pilotumokykla.lt\/index.php?rest_route=%2Fwp%2Fv2%2Fmedia&parent=2353"}],"curies":[{"name":"wp","href":"https:\/\/api.w.org\/{rel}","templated":true}]}}