
{"id":1471,"date":"2021-08-25T08:40:51","date_gmt":"2021-08-25T06:40:51","guid":{"rendered":"http:\/\/www.pilotumokykla.lt\/?page_id=1471"},"modified":"2023-09-07T09:56:40","modified_gmt":"2023-09-07T07:56:40","slug":"registracija-egzaminui","status":"publish","type":"page","link":"https:\/\/www.pilotumokykla.lt\/?page_id=1471","title":{"rendered":"Registracija Egzaminui"},"content":{"rendered":"\t\t<div data-elementor-type=\"wp-page\" data-elementor-id=\"1471\" class=\"elementor elementor-1471\" data-elementor-settings=\"[]\">\n\t\t\t\t\t\t<div class=\"elementor-inner\">\n\t\t\t\t\t\t\t<div class=\"elementor-section-wrap\">\n\t\t\t\t\t\t\t<section data-particle_enable=\"false\" data-particle-mobile-disabled=\"false\" class=\"elementor-section elementor-top-section elementor-element elementor-element-56ab987 elementor-section-height-min-height elementor-section-items-bottom elementor-section-boxed elementor-section-height-default\" data-id=\"56ab987\" data-element_type=\"section\" data-settings=\"{&quot;background_background&quot;:&quot;classic&quot;}\">\n\t\t\t\t\t\t<div class=\"elementor-container elementor-column-gap-default\">\n\t\t\t\t\t\t\t<div class=\"elementor-row\">\n\t\t\t\t\t<div class=\"elementor-column elementor-col-100 elementor-top-column elementor-element elementor-element-db3fdc9\" data-id=\"db3fdc9\" data-element_type=\"column\">\n\t\t\t<div class=\"elementor-column-wrap elementor-element-populated\">\n\t\t\t\t\t\t\t<div class=\"elementor-widget-wrap\">\n\t\t\t\t\t\t<div class=\"elementor-element elementor-element-a648265 elementor-widget__width-auto elementor-widget elementor-widget-heading\" data-id=\"a648265\" data-element_type=\"widget\" data-widget_type=\"heading.default\">\n\t\t\t\t<div class=\"elementor-widget-container\">\n\t\t\t<h2 class=\"elementor-heading-title elementor-size-default\">Registracija egzaminui<\/h2>\t\t<\/div>\n\t\t\t\t<\/div>\n\t\t\t\t\t\t<\/div>\n\t\t\t\t\t<\/div>\n\t\t<\/div>\n\t\t\t\t\t\t\t\t<\/div>\n\t\t\t\t\t<\/div>\n\t\t<\/section>\n\t\t\t\t<section data-particle_enable=\"false\" data-particle-mobile-disabled=\"false\" class=\"elementor-section elementor-top-section elementor-element elementor-element-e72a822 elementor-section-boxed elementor-section-height-default elementor-section-height-default\" data-id=\"e72a822\" data-element_type=\"section\">\n\t\t\t\t\t\t<div class=\"elementor-container elementor-column-gap-default\">\n\t\t\t\t\t\t\t<div class=\"elementor-row\">\n\t\t\t\t\t<div class=\"elementor-column elementor-col-100 elementor-top-column elementor-element elementor-element-0efd607\" data-id=\"0efd607\" data-element_type=\"column\">\n\t\t\t<div class=\"elementor-column-wrap elementor-element-populated\">\n\t\t\t\t\t\t\t<div class=\"elementor-widget-wrap\">\n\t\t\t\t\t\t\t\t<\/div>\n\t\t\t\t\t<\/div>\n\t\t<\/div>\n\t\t\t\t\t\t\t\t<\/div>\n\t\t\t\t\t<\/div>\n\t\t<\/section>\n\t\t\t\t<section data-particle_enable=\"false\" data-particle-mobile-disabled=\"false\" class=\"elementor-section elementor-top-section elementor-element elementor-element-368b50f elementor-section-boxed elementor-section-height-default elementor-section-height-default\" data-id=\"368b50f\" data-element_type=\"section\">\n\t\t\t\t\t\t<div class=\"elementor-container elementor-column-gap-default\">\n\t\t\t\t\t\t\t<div class=\"elementor-row\">\n\t\t\t\t\t<div class=\"elementor-column elementor-col-100 elementor-top-column elementor-element elementor-element-e446445\" data-id=\"e446445\" data-element_type=\"column\">\n\t\t\t<div class=\"elementor-column-wrap elementor-element-populated\">\n\t\t\t\t\t\t\t<div class=\"elementor-widget-wrap\">\n\t\t\t\t\t\t<div class=\"elementor-element elementor-element-220aa7e elementor-widget elementor-widget-heading\" data-id=\"220aa7e\" data-element_type=\"widget\" data-widget_type=\"heading.default\">\n\t\t\t\t<div class=\"elementor-widget-container\">\n\t\t\t<h3 class=\"elementor-heading-title elementor-size-default\">Registracijos Forma<\/h3>\t\t<\/div>\n\t\t\t\t<\/div>\n\t\t\t\t<section data-particle_enable=\"false\" data-particle-mobile-disabled=\"false\" class=\"elementor-section elementor-inner-section elementor-element elementor-element-4a5d191 elementor-section-boxed elementor-section-height-default elementor-section-height-default\" data-id=\"4a5d191\" data-element_type=\"section\">\n\t\t\t\t\t\t<div class=\"elementor-container elementor-column-gap-default\">\n\t\t\t\t\t\t\t<div class=\"elementor-row\">\n\t\t\t\t\t<div class=\"elementor-column elementor-col-50 elementor-inner-column elementor-element elementor-element-4a0b9a4\" data-id=\"4a0b9a4\" data-element_type=\"column\">\n\t\t\t<div class=\"elementor-column-wrap elementor-element-populated\">\n\t\t\t\t\t\t\t<div class=\"elementor-widget-wrap\">\n\t\t\t\t\t\t<div data-pafe-conditional-logic-form=\"[{&quot;_id&quot;:&quot;eea41d2&quot;,&quot;pafe_conditional_logic_form_show&quot;:&quot;Egzaminas_PPL&quot;,&quot;pafe_conditional_logic_form_if&quot;:&quot;Kursas&quot;,&quot;pafe_conditional_logic_form_comparison_operators&quot;:&quot;=&quot;,&quot;pafe_conditional_logic_form_value&quot;:&quot;PPL&quot;,&quot;pafe_conditional_logic_form_type&quot;:&quot;string&quot;,&quot;pafe_conditional_logic_form_and_or_operators&quot;:&quot;or&quot;,&quot;pafe_conditional_logic_form_required_field&quot;:&quot;&quot;},{&quot;pafe_conditional_logic_form_show&quot;:&quot;Egzaminas_ATPL&quot;,&quot;pafe_conditional_logic_form_if&quot;:&quot;Kursas&quot;,&quot;pafe_conditional_logic_form_comparison_operators&quot;:&quot;=&quot;,&quot;pafe_conditional_logic_form_value&quot;:&quot;ATPL&quot;,&quot;_id&quot;:&quot;76ff07f&quot;,&quot;pafe_conditional_logic_form_type&quot;:&quot;string&quot;,&quot;pafe_conditional_logic_form_and_or_operators&quot;:&quot;or&quot;,&quot;pafe_conditional_logic_form_required_field&quot;:&quot;&quot;},{&quot;pafe_conditional_logic_form_show&quot;:&quot;Egzaminas_IR&quot;,&quot;pafe_conditional_logic_form_if&quot;:&quot;Kursas&quot;,&quot;pafe_conditional_logic_form_comparison_operators&quot;:&quot;=&quot;,&quot;pafe_conditional_logic_form_value&quot;:&quot;IR&quot;,&quot;_id&quot;:&quot;dc5ae2b&quot;,&quot;pafe_conditional_logic_form_type&quot;:&quot;string&quot;,&quot;pafe_conditional_logic_form_and_or_operators&quot;:&quot;or&quot;,&quot;pafe_conditional_logic_form_required_field&quot;:&quot;&quot;}]\" data-pafe-conditional-logic-form-speed=\"400\" data-pafe-conditional-logic-form-easing=\"swing\" class=\"elementor-element elementor-element-3ae4207 elementor-button-align-stretch elementor-widget elementor-widget-form\" data-id=\"3ae4207\" data-element_type=\"widget\" data-settings=\"{&quot;step_next_label&quot;:&quot;Next&quot;,&quot;step_previous_label&quot;:&quot;Previous&quot;,&quot;button_width&quot;:&quot;100&quot;,&quot;step_type&quot;:&quot;number_text&quot;,&quot;step_icon_shape&quot;:&quot;circle&quot;}\" data-widget_type=\"form.default\">\n\t\t\t\t<div class=\"elementor-widget-container\">\n\t\t\t\t\t<form class=\"elementor-form\" method=\"post\" name=\"New Form\">\n\t\t\t<input type=\"hidden\" name=\"post_id\" value=\"1471\"\/>\n\t\t\t<input type=\"hidden\" name=\"form_id\" value=\"3ae4207\"\/>\n\t\t\t<input type=\"hidden\" name=\"referer_title\" value=\"\" \/>\n\n\t\t\t\n\t\t\t<div class=\"elementor-form-fields-wrapper elementor-labels-\">\n\t\t\t\t\t\t\t\t<div class=\"elementor-field-type-text elementor-field-group elementor-column elementor-field-group-name elementor-col-100\">\n\t\t\t\t\t<label for=\"form-field-name\" class=\"elementor-field-label elementor-screen-only\">Vardas<\/label><input size=\"1\" type=\"text\" name=\"form_fields[name]\" id=\"form-field-name\" class=\"elementor-field elementor-size-sm  elementor-field-textual\" placeholder=\"Vardas\">\t\t\t\t<\/div>\n\t\t\t\t\t\t\t\t<div class=\"elementor-field-type-text elementor-field-group elementor-column elementor-field-group-field_ad50344 elementor-col-100\">\n\t\t\t\t\t<label for=\"form-field-field_ad50344\" class=\"elementor-field-label elementor-screen-only\">Pavard\u0117<\/label><input size=\"1\" type=\"text\" name=\"form_fields[field_ad50344]\" id=\"form-field-field_ad50344\" class=\"elementor-field elementor-size-sm  elementor-field-textual\" placeholder=\"Pavard\u0117\">\t\t\t\t<\/div>\n\t\t\t\t\t\t\t\t<div class=\"elementor-field-type-email elementor-field-group elementor-column elementor-field-group-email elementor-col-100 elementor-field-required\">\n\t\t\t\t\t<label for=\"form-field-email\" class=\"elementor-field-label elementor-screen-only\">El. pa\u0161tas<\/label><input size=\"1\" type=\"email\" name=\"form_fields[email]\" id=\"form-field-email\" class=\"elementor-field elementor-size-sm  elementor-field-textual\" placeholder=\"El. pa\u0161tas\" required=\"required\" aria-required=\"true\">\t\t\t\t<\/div>\n\t\t\t\t\t\t\t\t<div class=\"elementor-field-type-select elementor-field-group elementor-column elementor-field-group-Kursas elementor-col-100 elementor-field-required\">\n\t\t\t\t\t<label for=\"form-field-Kursas\" class=\"elementor-field-label elementor-screen-only\">Kursas<\/label>\t\t<div class=\"elementor-field elementor-select-wrapper \">\n\t\t\t<select name=\"form_fields[Kursas]\" id=\"form-field-Kursas\" class=\"elementor-field-textual elementor-size-sm\" required=\"required\" aria-required=\"true\">\n\t\t\t\t<option value=\"\">Pasirinkite kurs\u0105\u2026<\/option><option value=\"PPL\">PPL<\/option><option value=\"ATPL\">ATPL<\/option><option value=\"IR\">IR<\/option>\t\t\t<\/select>\n\t\t<\/div>\n\t\t\t\t\t\t<\/div>\n\t\t\t\t\t\t\t\t<div class=\"elementor-field-type-select elementor-field-group elementor-column elementor-field-group-Egzaminas_PPL elementor-col-100\">\n\t\t\t\t\t<label for=\"form-field-Egzaminas_PPL\" class=\"elementor-field-label elementor-screen-only\">Egzaminas (PPL)<\/label>\t\t<div class=\"elementor-field elementor-select-wrapper \">\n\t\t\t<select name=\"form_fields[Egzaminas_PPL]\" id=\"form-field-Egzaminas_PPL\" class=\"elementor-field-textual elementor-size-sm\">\n\t\t\t\t<option value=\"\">Pasirinkite egzamin\u0105\u2026<\/option><option value=\"Air law (PPL)\">Air law (PPL)<\/option><option value=\"Aircraft General Knowledge (PPL)\">Aircraft General Knowledge (PPL)<\/option><option value=\"Communication (PPL)\">Communication (PPL)<\/option><option value=\"Flight Operational Manual [Cessna] (PPL)\">Flight Operational Manual [Cessna] (PPL)<\/option><option value=\"Flight Performance and Planning (PPL)\">Flight Performance and Planning (PPL)<\/option><option value=\"General Navigation (PPL)\">General Navigation (PPL)<\/option><option value=\"Human Performance (PPL)\">Human Performance (PPL)<\/option><option value=\"Meteorology (PPL)\">Meteorology (PPL)<\/option><option value=\"Principles of Flight (PPL)\">Principles of Flight (PPL)<\/option><option value=\"Radijo ry\u0161ys [lietuvi\u0173 kalba] (PPL)\">Radijo ry\u0161ys [lietuvi\u0173 kalba] (PPL)<\/option>\t\t\t<\/select>\n\t\t<\/div>\n\t\t\t\t\t\t<\/div>\n\t\t\t\t\t\t\t\t<div class=\"elementor-field-type-select elementor-field-group elementor-column elementor-field-group-Egzaminas_ATPL elementor-col-100\">\n\t\t\t\t\t<label for=\"form-field-Egzaminas_ATPL\" class=\"elementor-field-label elementor-screen-only\">Egzaminas (ATPL)<\/label>\t\t<div class=\"elementor-field elementor-select-wrapper \">\n\t\t\t<select name=\"form_fields[Egzaminas_ATPL]\" id=\"form-field-Egzaminas_ATPL\" class=\"elementor-field-textual elementor-size-sm\">\n\t\t\t\t<option value=\"\">Pasirinkite egzamin\u0105\u2026<\/option><option value=\"Aircraft General Knowledge Airframe \/ Systems \/ Power Plant (ATPL)\">Aircraft General Knowledge Airframe \/ Systems \/ Power Plant (ATPL)<\/option><option value=\"Aircraft General Knowledge Instrumentation (ATPL)\">Aircraft General Knowledge Instrumentation (ATPL)<\/option><option value=\"Air law (ATPL)\">Air law (ATPL)<\/option><option value=\"Flight Performance [Aeroplanes] (ATPL)\">Flight Performance [Aeroplanes] (ATPL)<\/option><option value=\"Flight Performance [Helicopters] (ATPL)\">Flight Performance [Helicopters] (ATPL)<\/option><option value=\"Flight Planning and Monitoring (ATPL)\">Flight Planning and Monitoring (ATPL)<\/option><option value=\"General Navigation (ATPL)\">General Navigation (ATPL)<\/option><option value=\"Human Performance (ATPL)\">Human Performance (ATPL)<\/option><option value=\"Communications (ATPL)\">Communications (ATPL)<\/option><option value=\"Mass and Balance (ATPL)\">Mass and Balance (ATPL)<\/option><option value=\"Meteorology (ATPL)\">Meteorology (ATPL)<\/option><option value=\"Operational Procedures (ATPL)\">Operational Procedures (ATPL)<\/option><option value=\"Principles of Flight [Aeroplanes] (ATPL)\">Principles of Flight [Aeroplanes] (ATPL)<\/option><option value=\"Principles of Flight [Helicopters] (ATPL)\">Principles of Flight [Helicopters] (ATPL)<\/option><option value=\"Radio Navigation (ATPL)\">Radio Navigation (ATPL)<\/option><option value=\"Sritis 100:KSA\">Sritis 100:KSA<\/option>\t\t\t<\/select>\n\t\t<\/div>\n\t\t\t\t\t\t<\/div>\n\t\t\t\t\t\t\t\t<div class=\"elementor-field-type-select elementor-field-group elementor-column elementor-field-group-Egzaminas_IR elementor-col-100\">\n\t\t\t\t\t<label for=\"form-field-Egzaminas_IR\" class=\"elementor-field-label elementor-screen-only\">Egzaminas (IR)<\/label>\t\t<div class=\"elementor-field elementor-select-wrapper \">\n\t\t\t<select name=\"form_fields[Egzaminas_IR]\" id=\"form-field-Egzaminas_IR\" class=\"elementor-field-textual elementor-size-sm\">\n\t\t\t\t<option value=\"\">Pasirinkite egzamin\u0105\u2026<\/option><option value=\"Air law (IR)\">Air law (IR)<\/option><option value=\"Aircraft General Knowledge Instrumentation (IR)\">Aircraft General Knowledge Instrumentation (IR)<\/option><option value=\"Flight Planning and Monitoring (IR)\">Flight Planning and Monitoring (IR)<\/option><option value=\"Human Performance (IR)\">Human Performance (IR)<\/option><option value=\"Communications (IR)\">Communications (IR)<\/option><option value=\"Meteorology (IR)\">Meteorology (IR)<\/option><option value=\"Radio Navigation (IR)\">Radio Navigation (IR)<\/option>\t\t\t<\/select>\n\t\t<\/div>\n\t\t\t\t\t\t<\/div>\n\t\t\t\t\t\t\t\t<div class=\"elementor-field-type-tel elementor-field-group elementor-column elementor-field-group-field_a8b7d69 elementor-col-100 elementor-field-required\">\n\t\t\t\t\t<label for=\"form-field-field_a8b7d69\" class=\"elementor-field-label elementor-screen-only\">Mobilusis<\/label><input size=\"1\" type=\"tel\" name=\"form_fields[field_a8b7d69]\" id=\"form-field-field_a8b7d69\" class=\"elementor-field elementor-size-sm  elementor-field-textual\" placeholder=\"Mobilus (+3706*******)\" required=\"required\" aria-required=\"true\" pattern=\"[0-9()#&amp;+*-=.]+\" title=\"Only numbers and phone characters (#, -, *, etc) are accepted.\">\t\t\t\t<\/div>\n\t\t\t\t\t\t\t\t<div class=\"elementor-field-type-date elementor-field-group elementor-column elementor-field-group-field_95a9acd elementor-col-50 elementor-field-required\">\n\t\t\t\t\t<label for=\"form-field-field_95a9acd\" class=\"elementor-field-label elementor-screen-only\">Egzamino data<\/label><input type=\"date\" name=\"form_fields[field_95a9acd]\" id=\"form-field-field_95a9acd\" class=\"elementor-field elementor-size-sm  elementor-field-textual elementor-date-field\" placeholder=\"Egzamino data\" required=\"required\" aria-required=\"true\" pattern=\"[0-9]{4}-[0-9]{2}-[0-9]{2}\">\t\t\t\t<\/div>\n\t\t\t\t\t\t\t\t<div class=\"elementor-field-type-time elementor-field-group elementor-column elementor-field-group-field_55fe81c elementor-col-50 elementor-field-required\">\n\t\t\t\t\t<label for=\"form-field-field_55fe81c\" class=\"elementor-field-label elementor-screen-only\">Egzamino laikas<\/label><input type=\"time\" name=\"form_fields[field_55fe81c]\" id=\"form-field-field_55fe81c\" class=\"elementor-field elementor-size-sm  elementor-field-textual elementor-time-field\" placeholder=\"Egzamino laikas\" required=\"required\" aria-required=\"true\">\t\t\t\t<\/div>\n\t\t\t\t\t\t\t\t<div class=\"elementor-field-type-recaptcha_v3 elementor-field-group elementor-column elementor-field-group-field_ac74d7a elementor-col-100 recaptcha_v3-bottomright\">\n\t\t\t\t\t<div class=\"elementor-field\" id=\"form-field-field_ac74d7a\"><div class=\"elementor-g-recaptcha\" data-sitekey=\"6LedjqscAAAAABYagOnB1MDsU9Foio7EXmnpRgTR\" data-type=\"v3\" data-action=\"Form\" data-badge=\"bottomright\" data-size=\"invisible\"><\/div><\/div>\t\t\t\t<\/div>\n\t\t\t\t\t\t\t\t<div class=\"elementor-field-group elementor-column elementor-field-type-submit elementor-col-100 e-form__buttons\">\n\t\t\t\t\t<button type=\"submit\" class=\"elementor-button elementor-size-sm\">\n\t\t\t\t\t\t<span >\n\t\t\t\t\t\t\t\t\t\t\t\t\t\t\t<span class=\" elementor-button-icon\">\n\t\t\t\t\t\t\t\t\t\t\t\t\t\t\t\t\t\t\t\t\t\t\t\t\t\t<\/span>\n\t\t\t\t\t\t\t\t\t\t\t\t\t\t\t\t\t\t\t\t\t\t<span class=\"elementor-button-text\">Si\u0173sti<\/span>\n\t\t\t\t\t\t\t\t\t\t\t\t\t<\/span>\n\t\t\t\t\t<\/button>\n\t\t\t\t<\/div>\n\t\t\t<\/div>\n\t\t<\/form>\n\t\t\t\t<\/div>\n\t\t\t\t<\/div>\n\t\t\t\t\t\t<\/div>\n\t\t\t\t\t<\/div>\n\t\t<\/div>\n\t\t\t\t<div class=\"elementor-column elementor-col-50 elementor-inner-column elementor-element elementor-element-8d7fe7f\" data-id=\"8d7fe7f\" data-element_type=\"column\">\n\t\t\t<div class=\"elementor-column-wrap\">\n\t\t\t\t\t\t\t<div class=\"elementor-widget-wrap\">\n\t\t\t\t\t\t\t\t<\/div>\n\t\t\t\t\t<\/div>\n\t\t<\/div>\n\t\t\t\t\t\t\t\t<\/div>\n\t\t\t\t\t<\/div>\n\t\t<\/section>\n\t\t\t\t\t\t<\/div>\n\t\t\t\t\t<\/div>\n\t\t<\/div>\n\t\t\t\t\t\t\t\t<\/div>\n\t\t\t\t\t<\/div>\n\t\t<\/section>\n\t\t\t\t<section data-particle_enable=\"false\" data-particle-mobile-disabled=\"false\" class=\"elementor-section elementor-top-section elementor-element elementor-element-9ba50f6 elementor-section-boxed elementor-section-height-default elementor-section-height-default\" data-id=\"9ba50f6\" data-element_type=\"section\">\n\t\t\t\t\t\t<div class=\"elementor-container elementor-column-gap-default\">\n\t\t\t\t\t\t\t<div class=\"elementor-row\">\n\t\t\t\t\t<div class=\"elementor-column elementor-col-100 elementor-top-column elementor-element elementor-element-e55cc9d\" data-id=\"e55cc9d\" data-element_type=\"column\">\n\t\t\t<div class=\"elementor-column-wrap elementor-element-populated\">\n\t\t\t\t\t\t\t<div class=\"elementor-widget-wrap\">\n\t\t\t\t\t\t<div class=\"elementor-element elementor-element-aebbc8d elementor-widget elementor-widget-heading\" data-id=\"aebbc8d\" data-element_type=\"widget\" data-widget_type=\"heading.default\">\n\t\t\t\t<div class=\"elementor-widget-container\">\n\t\t\t<h3 class=\"elementor-heading-title elementor-size-default\"><a href=\"mailto:info@www.pilotumokykla.lt\">Registracija privaloma BENT 1 DIEN\u0104 PRIE\u0160 egzamin\u0105.<\/a><\/h3>\t\t<\/div>\n\t\t\t\t<\/div>\n\t\t\t\t<div class=\"elementor-element elementor-element-3ccb996 elementor-widget-divider--view-line elementor-widget elementor-widget-divider\" data-id=\"3ccb996\" data-element_type=\"widget\" data-widget_type=\"divider.default\">\n\t\t\t\t<div class=\"elementor-widget-container\">\n\t\t\t\t\t<div class=\"elementor-divider\">\n\t\t\t<span class=\"elementor-divider-separator\">\n\t\t\t\t\t\t<\/span>\n\t\t<\/div>\n\t\t\t\t<\/div>\n\t\t\t\t<\/div>\n\t\t\t\t<div class=\"elementor-element elementor-element-0f467c2 elementor-widget elementor-widget-text-editor\" data-id=\"0f467c2\" data-element_type=\"widget\" data-widget_type=\"text-editor.default\">\n\t\t\t\t<div class=\"elementor-widget-container\">\n\t\t\t\t\t\t\t\t<div class=\"elementor-text-editor elementor-clearfix\">\n\t\t\t\t<p>PPL mokyklos egzaminavimas vyksta kiekvien\u0105 dien\u0105.<\/p><p>Pirmadieniais &#8211; ketvirtadieniais nuo 9:30 iki 17:00 (tur\u0117kite omenyje, kad tokiu metu egzaminas jau turi b\u016bti baigtas).<br \/>Penktadieniais nuo 9:30 iki 16:00 (tur\u0117kite omenyje, kad tokiu metu egzaminas jau turi b\u016bti baigtas).<\/p><p>ATPL\/IR mokyklos egzaminavimas vyksta kiekvien\u0105 dien\u0105.<\/p><p>Pirmadieniais &#8211; ketvirtadieniais nuo 9:30 iki 17:00 (tur\u0117kite omenyje, kad tokiu metu egzaminas jau turi b\u016bti baigtas).<br \/>Penktadieniais nuo 9:30 iki 16:00 (tur\u0117kite omenyje, kad tokiu metu egzaminas jau turi b\u016bti baigtas).<\/p><p>\u012e klas\u0119 bus leid\u017eiamos ne daugiau kaip 7 asmen\u0173 grup\u0117s. Reguliuojami student\u0173 srautai pasirenkant laikus.Studentas, norintis laikyti egzamin\u0105, pasirenka dien\u0105 ir laik\u0105, kuris b\u016bt\u0173 tinkamas. Per dien\u0105 galima laikyti daugiau nei vien\u0105 egzamin\u0105. Apie rezervacijos patvirtinim\u0105 informuosime atsakant elektroniniu lai\u0161ku. Jeigu patvirtinimo negavote, pra\u0161ome ra\u0161yti lai\u0161k\u0105 <a href=\"mailto:info@www.pilotumokykla.lt\">info@pilotumokykla.lt<\/a>.<\/p><p>\u00a0<\/p>\t\t\t\t\t<\/div>\n\t\t\t\t\t\t<\/div>\n\t\t\t\t<\/div>\n\t\t\t\t\t\t<\/div>\n\t\t\t\t\t<\/div>\n\t\t<\/div>\n\t\t\t\t\t\t\t\t<\/div>\n\t\t\t\t\t<\/div>\n\t\t<\/section>\n\t\t\t\t\t\t<\/div>\n\t\t\t\t\t\t<\/div>\n\t\t\t\t\t<\/div>\n\t\t","protected":false},"excerpt":{"rendered":"<p>Registracija egzaminui Registracijos Forma Registracija privaloma BENT 1 DIEN\u0104 PRIE\u0160 egzamin\u0105. PPL mokyklos egzaminavimas vyksta kiekvien\u0105 dien\u0105. Pirmadieniais &#8211; ketvirtadieniais &hellip;<\/p>\n<p class=\"read-more\"> <a class=\"\" href=\"https:\/\/www.pilotumokykla.lt\/?page_id=1471\"> <span class=\"screen-reader-text\">Registracija Egzaminui<\/span> Read More &raquo;<\/a><\/p>\n","protected":false},"author":1,"featured_media":0,"parent":0,"menu_order":0,"comment_status":"closed","ping_status":"closed","template":"elementor_header_footer","meta":{"site-sidebar-layout":"no-sidebar","site-content-layout":"page-builder","ast-global-header-display":"","ast-main-header-display":"","ast-hfb-above-header-display":"","ast-hfb-below-header-display":"","ast-hfb-mobile-header-display":"","site-post-title":"disabled","ast-breadcrumbs-content":"","ast-featured-img":"disabled","footer-sml-layout":"","theme-transparent-header-meta":"default","adv-header-id-meta":"","stick-header-meta":"","header-above-stick-meta":"","header-main-stick-meta":"","header-below-stick-meta":"","footnotes":""},"class_list":["post-1471","page","type-page","status-publish","hentry"],"_links":{"self":[{"href":"https:\/\/www.pilotumokykla.lt\/index.php?rest_route=\/wp\/v2\/pages\/1471","targetHints":{"allow":["GET"]}}],"collection":[{"href":"https:\/\/www.pilotumokykla.lt\/index.php?rest_route=\/wp\/v2\/pages"}],"about":[{"href":"https:\/\/www.pilotumokykla.lt\/index.php?rest_route=\/wp\/v2\/types\/page"}],"author":[{"embeddable":true,"href":"https:\/\/www.pilotumokykla.lt\/index.php?rest_route=\/wp\/v2\/users\/1"}],"replies":[{"embeddable":true,"href":"https:\/\/www.pilotumokykla.lt\/index.php?rest_route=%2Fwp%2Fv2%2Fcomments&post=1471"}],"version-history":[{"count":145,"href":"https:\/\/www.pilotumokykla.lt\/index.php?rest_route=\/wp\/v2\/pages\/1471\/revisions"}],"predecessor-version":[{"id":5662,"href":"https:\/\/www.pilotumokykla.lt\/index.php?rest_route=\/wp\/v2\/pages\/1471\/revisions\/5662"}],"wp:attachment":[{"href":"https:\/\/www.pilotumokykla.lt\/index.php?rest_route=%2Fwp%2Fv2%2Fmedia&parent=1471"}],"curies":[{"name":"wp","href":"https:\/\/api.w.org\/{rel}","templated":true}]}}